{"id":979,"date":"2016-02-19T06:35:00","date_gmt":"2016-02-19T06:35:00","guid":{"rendered":"http:\/\/consulting.stylemixthemes.com\/demo\/?page_id=979"},"modified":"2020-12-11T11:45:08","modified_gmt":"2020-12-11T11:45:08","slug":"home-2","status":"publish","type":"page","link":"https:\/\/emelyilmaz.av.tr\/tr\/","title":{"rendered":"Anasayfa"},"content":{"rendered":"<p>[vc_row css=&#8221;.vc_custom_1464852884508{margin-right: -60px !important;margin-bottom: 0px !important;margin-left: -60px !important;}&#8221;][vc_column css=&#8221;.vc_custom_1465465510777{padding-right: 0px !important;padding-left: 0px !important;}&#8221; offset=&#8221;vc_hidden-xs&#8221;][rev_slider_vc alias=&#8221;main_slider&#8221;][\/vc_column][\/vc_row][vc_row css=&#8221;.vc_custom_1469446529446{padding-top: 68px !important;padding-bottom: 49px !important;}&#8221;][vc_column][vc_custom_heading text=&#8221;Faaliyet Alanlar\u0131m\u0131z&#8221; font_container=&#8221;tag:h2|font_size:36px|text_align:center|line_height:38px&#8221; use_theme_fonts=&#8221;yes&#8221; css=&#8221;.vc_custom_1607427774750{margin-bottom: 51px !important;}&#8221; el_class=&#8221;stm_secondary_color&#8221;][vc_row_inner][vc_column_inner width=&#8221;1\/3&#8243;][stm_icon_box title_color=&#8221;secondary&#8221; hide_title_line=&#8221;hide_title_line&#8221; icon=&#8221;far fa-building&#8221; style=&#8221;icon_top_transparent&#8221; icon_size=&#8221;54&#8243; icon_color=&#8221;secondary&#8221; icon_height=&#8221;75&#8243; title_font_size=&#8221;18&#8243; title_line_height=&#8221;24&#8243; title=&#8221;Ticaret ve \u015eirketler Hukuku&#8221;]Ekibimiz Ticaret Hukuku alan\u0131nda T\u00fcrkiye\u2019nin \u00f6nde gelen \u015firketlerine hukuki dan\u0131\u015fmanl\u0131k, dava ve icra takibi hizmetleri vermektedir.[\/stm_icon_box][\/vc_column_inner][vc_column_inner width=&#8221;1\/3&#8243;][stm_icon_box title_color=&#8221;secondary&#8221; hide_title_line=&#8221;hide_title_line&#8221; icon=&#8221;far fa-handshake&#8221; style=&#8221;icon_top_transparent&#8221; icon_size=&#8221;54&#8243; icon_color=&#8221;secondary&#8221; icon_height=&#8221;75&#8243; title_font_size=&#8221;18&#8243; title_line_height=&#8221;24&#8243; title=&#8221;Birle\u015fme &amp; Devralma&#8221;]Ekibimiz m\u00fcvekkillerine turizm, sa\u011fl\u0131k, perakende sat\u0131\u015f, enerji, otomotiv, g\u0131da, in\u015faat, teknoloji gibi farkl\u0131 bir\u00e7ok sekt\u00f6rde ulusal ve uluslararas\u0131 kapsamda destek vermektedir. Ayr\u0131ca yat\u0131r\u0131m dan\u0131\u015fmanl\u0131\u011f\u0131, gerekli dok\u00fcmantasyonun haz\u0131rl\u0131\u011f\u0131, m\u00fczakere s\u00fcre\u00e7lerinin u\u00e7tan uca y\u00fcr\u00fct\u00fclmesi hizmetlerini vermekteyiz.[\/stm_icon_box][\/vc_column_inner][vc_column_inner width=&#8221;1\/3&#8243;][stm_icon_box title_color=&#8221;secondary&#8221; hide_title_line=&#8221;hide_title_line&#8221; icon=&#8221;fas fa-gavel&#8221; style=&#8221;icon_top_transparent&#8221; icon_size=&#8221;54&#8243; icon_color=&#8221;secondary&#8221; icon_height=&#8221;75&#8243; title_font_size=&#8221;18&#8243; title_line_height=&#8221;24&#8243; title=&#8221;\u0130\u015f ve Sosyal G\u00fcvenlik Hukuku&#8221;]Bireysel ve toplu i\u015f hukuku, i\u015f sa\u011fl\u0131\u011f\u0131 ve g\u00fcvenli\u011fi hukuku, sosyal g\u00fcvenlik hukuku alanlar\u0131nda uzman ekibimiz bir\u00e7ok yerli ve yabanc\u0131 sermayeli \u015firkete i\u015f hukukuna ili\u015fkin her t\u00fcrl\u00fc konuda hukuki dan\u0131\u015fmanl\u0131k ve dava takibi hizmeti vermekte,arabuluculuk s\u00fcre\u00e7lerini y\u00fcr\u00fctmektedir.[\/stm_icon_box][\/vc_column_inner][\/vc_row_inner][vc_btn title=&#8221;Di\u011ferlerini \u0130nceleyin&#8221; color=&#8221;success&#8221; align=&#8221;center&#8221; link=&#8221;url:https%3A%2F%2Femelyilmaz.av.tr%2Ftr%2Ffaaliyet-alanlarimiz%2F|title:Faaliyet%20Alanlar%C4%B1m%C4%B1z|target:_blank&#8221;][\/vc_column][\/vc_row][vc_row full_width=&#8221;stretch_row&#8221; css=&#8221;.vc_custom_1607428603582{margin-bottom: 0px !important;padding-top: 46px !important;padding-bottom: 65px !important;background-image: url(https:\/\/emelyilmaz.av.tr\/tr\/wp-content\/uploads\/2020\/12\/news-bg.jpg?id=7055) !important;}&#8221; el_class=&#8221;fixed_bg&#8221;][vc_column width=&#8221;3\/4&#8243;][vc_column_text]<\/p>\n<h3 class=\"no_stripe\"><span style=\"color: #ffffff;\">Bir sorunuz mu var?<\/span><br \/>\n<mark>hemen ileti\u015fime ge\u00e7in!<\/mark><\/h3>\n<p>[\/vc_column_text][\/vc_column][vc_column width=&#8221;1\/4&#8243;][vc_btn title=&#8221;\u0130leti\u015fim&#8221; style=&#8221;outline&#8221; color=&#8221;theme_style_4&#8243; size=&#8221;lg&#8221; align=&#8221;right&#8221; i_align=&#8221;right&#8221; i_icon_fontawesome=&#8221;&#8221; add_icon=&#8221;true&#8221; link=&#8221;url:https%3A%2F%2Femelyilmaz.av.tr%2Ftr%2Filetisim%2F|title:%C4%B0leti%C5%9Fim|target:_blank&#8221; css=&#8221;.vc_custom_1607684264011{padding-top: 26px !important;}&#8221;][\/vc_column][\/vc_row][vc_row full_width=&#8221;stretch_row&#8221; css=&#8221;.vc_custom_1469448801615{margin-bottom: -60px !important;padding-top: 65px !important;padding-bottom: 63px !important;background-color: #f2f2f2 !important;}&#8221; el_id=&#8221;request-call-back&#8221;][vc_column][vc_custom_heading text=&#8221;\u0130leti\u015fim Bilgileri&#8221; font_container=&#8221;tag:h2|font_size:36px|text_align:center|line_height:38px&#8221; use_theme_fonts=&#8221;yes&#8221; css=&#8221;.vc_custom_1607428782972{margin-bottom: 30px !important;}&#8221; el_class=&#8221;stm_secondary_color&#8221;][vc_row_inner][vc_column_inner el_class=&#8221;stm_col_pad-right&#8221; width=&#8221;1\/2&#8243;][vc_column_text el_class=&#8221;stm_text_pad-left&#8221;]Bizlerle g\u00f6r\u00fc\u015fmek istedi\u011finiz bir konu mu var? Bize a\u015fa\u011f\u0131da yer alan ileti\u015fim bilgileri ile her zaman ula\u015fabilir veya Pazartesi &#8211; Cuma g\u00fcnleri 09.00 &#8211; 18.00 saatleri aras\u0131nda ofisimizi ziyaret edebilirsiniz.[\/vc_column_text][stm_contacts_widget style=&#8221;style_2&#8243; phone=&#8221;+90 (212) 351 59 60&#8243; email=&#8221;info@emelyilmaz.av.tr&#8221;][\/vc_column_inner][vc_column_inner width=&#8221;1\/2&#8243;][vc_gmaps link=&#8221;#E-8_JTNDaWZyYW1lJTIwc3JjJTNEJTIyaHR0cHMlM0ElMkYlMkZ3d3cuZ29vZ2xlLmNvbSUyRm1hcHMlMkZlbWJlZCUzRnBiJTNEJTIxMW0xOCUyMTFtMTIlMjExbTMlMjExZDMwMDcuNTgyMzMzOTA5NTc4NyUyMTJkMjkuMDI1MzkwODE1NDE2MTYlMjEzZDQxLjA3ODEyMTQ3OTI5MzcwNiUyMTJtMyUyMTFmMCUyMTJmMCUyMTNmMCUyMTNtMiUyMTFpMTAyNCUyMTJpNzY4JTIxNGYxMy4xJTIxM20zJTIxMW0yJTIxMXMweDAlMjUzQTB4MTE4YmU4MTA5MDU4ODI0ZCUyMTJzRW1lbCUyNTIwWSUyNUM0JTI1QjFsbWF6JTI1MjBMYXclMjUyME9mZmljZSUyMTVlMCUyMTNtMiUyMTFzdHIlMjEyc3RyJTIxNHYxNjA1NDU4NzUwMTUxJTIxNW0yJTIxMXN0ciUyMTJzdHIlMjIlMjB3aWR0aCUzRCUyMjYwMCUyMiUyMGhlaWdodCUzRCUyMjMwMCUyMiUyMGZyYW1lYm9yZGVyJTNEJTIyMCUyMiUyMHN0eWxlJTNEJTIyYm9yZGVyJTNBMCUzQiUyMiUyMGFsbG93ZnVsbHNjcmVlbiUzRCUyMiUyMiUyMGFyaWEtaGlkZGVuJTNEJTIyZmFsc2UlMjIlMjB0YWJpbmRleCUzRCUyMjAlMjIlM0UlM0MlMkZpZnJhbWUlM0U=&#8221; size=&#8221;small&#8221;][\/vc_column_inner][\/vc_row_inner][\/vc_column][\/vc_row]<\/p>\n","protected":false},"excerpt":{"rendered":"<p>[vc_row css=&#8221;.vc_custom_1464852884508{margin-right: -60px !important;margin-bottom: 0px !important;margin-left: -60px !important;}&#8221;][vc_column css=&#8221;.vc_custom_1465465510777{padding-right: 0px !important;padding-left: 0px !important;}&#8221; offset=&#8221;vc_hidden-xs&#8221;][rev_slider_vc alias=&#8221;main_slider&#8221;][\/vc_column][\/vc_row][vc_row css=&#8221;.vc_custom_1469446529446{padding-top: 68px !important;padding-bottom: 49px !important;}&#8221;][vc_column][vc_custom_heading text=&#8221;Faaliyet Alanlar\u0131m\u0131z&#8221; font_container=&#8221;tag:h2|font_size:36px|text_align:center|line_height:38px&#8221; use_theme_fonts=&#8221;yes&#8221; css=&#8221;.vc_custom_1607427774750{margin-bottom: 51px !important;}&#8221; el_class=&#8221;stm_secondary_color&#8221;][vc_row_inner][vc_column_inner width=&#8221;1\/3&#8243;][stm_icon_box title_color=&#8221;secondary&#8221; hide_title_line=&#8221;hide_title_line&#8221; icon=&#8221;far fa-building&#8221; style=&#8221;icon_top_transparent&#8221; icon_size=&#8221;54&#8243; icon_color=&#8221;secondary&#8221; icon_height=&#8221;75&#8243; title_font_size=&#8221;18&#8243; title_line_height=&#8221;24&#8243; title=&#8221;Ticaret ve \u015eirketler Hukuku&#8221;]Ekibimiz Ticaret Hukuku alan\u0131nda T\u00fcrkiye\u2019nin \u00f6nde gelen \u015firketlerine hukuki dan\u0131\u015fmanl\u0131k, dava ve icra<\/p>\n","protected":false},"author":1,"featured_media":0,"parent":0,"menu_order":0,"comment_status":"closed","ping_status":"closed","template":"","meta":[],"_links":{"self":[{"href":"https:\/\/emelyilmaz.av.tr\/tr\/wp-json\/wp\/v2\/pages\/979"}],"collection":[{"href":"https:\/\/emelyilmaz.av.tr\/tr\/wp-json\/wp\/v2\/pages"}],"about":[{"href":"https:\/\/emelyilmaz.av.tr\/tr\/wp-json\/wp\/v2\/types\/page"}],"author":[{"embeddable":true,"href":"https:\/\/emelyilmaz.av.tr\/tr\/wp-json\/wp\/v2\/users\/1"}],"replies":[{"embeddable":true,"href":"https:\/\/emelyilmaz.av.tr\/tr\/wp-json\/wp\/v2\/comments?post=979"}],"version-history":[{"count":7,"href":"https:\/\/emelyilmaz.av.tr\/tr\/wp-json\/wp\/v2\/pages\/979\/revisions"}],"predecessor-version":[{"id":7272,"href":"https:\/\/emelyilmaz.av.tr\/tr\/wp-json\/wp\/v2\/pages\/979\/revisions\/7272"}],"wp:attachment":[{"href":"https:\/\/emelyilmaz.av.tr\/tr\/wp-json\/wp\/v2\/media?parent=979"}],"curies":[{"name":"wp","href":"https:\/\/api.w.org\/{rel}","templated":true}]}}