{"id":7303,"date":"2020-12-27T17:32:11","date_gmt":"2020-12-27T17:32:11","guid":{"rendered":"https:\/\/emelyilmaz.av.tr\/tr\/?page_id=7303"},"modified":"2021-01-10T16:21:45","modified_gmt":"2021-01-10T16:21:45","slug":"cerez-politikasi","status":"publish","type":"page","link":"https:\/\/emelyilmaz.av.tr\/tr\/cerez-politikasi\/","title":{"rendered":"\u00c7erez Politikas\u0131"},"content":{"rendered":"<p>[vc_row][vc_column][vc_column_text]<\/p>\n<div class=\"cli_pg_page_contaner\">\n<h3>\u00c7erez Politikas\u0131 Hakk\u0131nda<\/h3>\n<div>\n<p>Bu \u00c7erez Politikas\u0131, \u00e7erezlerin ne oldu\u011funu ve bunlar\u0131 nas\u0131l kulland\u0131\u011f\u0131m\u0131z\u0131, kulland\u0131\u011f\u0131m\u0131z \u00e7erez t\u00fcrlerini, \u00e7erezleri kullanarak toplad\u0131\u011f\u0131m\u0131z bilgileri ve bu bilgilerin nas\u0131l kullan\u0131ld\u0131\u011f\u0131n\u0131 ve \u00e7erez tercihlerinin nas\u0131l kontrol edilece\u011fini a\u00e7\u0131klar. Ki\u015fisel verilerinizi nas\u0131l kulland\u0131\u011f\u0131m\u0131z, saklad\u0131\u011f\u0131m\u0131z ve g\u00fcvende tuttu\u011fumuz hakk\u0131nda daha fazla bilgi i\u00e7in <a href=\"https:\/\/emelyilmaz.av.tr\/tr\/gizlilik-politikasi\/\" target=\"_blank\" rel=\"noopener\">Gizlilik Politikam\u0131za<\/a> bak\u0131n.<\/p>\n<p>Web sitemizdeki \u00c7erez Beyan\u0131&#8217;ndaki onay\u0131n\u0131z\u0131 istedi\u011finiz zaman de\u011fi\u015ftirebilir veya geri \u00e7ekebilirsiniz.<\/p>\n<p><strong>\u00c7erezlere ili\u015fkin verdi\u011finiz izinlere konu internet sitesi:<\/strong> emelyilmaz.av.tr\/tr<\/p>\n<\/div>\n<h3>\u00c7erezler Ne Demektir?<\/h3>\n<div>\u00c7erezler, web siteleri bir taray\u0131c\u0131da y\u00fcklendi\u011finde, bilgisayar\u0131n\u0131zda veya di\u011fer cihazlarda depolanan metin dosyalar\u0131nda saklanan k\u00fc\u00e7\u00fck veri par\u00e7alar\u0131d\u0131r. Yayg\u0131n olarak sizi ve tercihlerinizi, tek bir ziyaret i\u00e7in (bir \u2018oturum \u00e7ereziyle\u2019) veya birden \u00e7ok tekrar ziyareti i\u00e7in (\u2018kal\u0131c\u0131 \u00e7erez\u2019 kullanarak) \u2018hat\u0131rlamak\u2019 i\u00e7in kullan\u0131l\u0131r. Ziyaret\u00e7iler i\u00e7in tutarl\u0131 ve verimli bir deneyim sa\u011flarlar ve kullan\u0131c\u0131lar\u0131n kaydolmalar\u0131na ve giri\u015f yapmalar\u0131na izin verme gibi temel i\u015flevleri yerine getirirler. \u00c7erezler, ziyaret etti\u011finiz site taraf\u0131ndan (\u2018birinci taraf \u00e7erezleri \u2019) veya web sitesinde i\u00e7erik sunan veya reklam veya analitik hizmetler sunanlar gibi \u00fc\u00e7\u00fcnc\u00fc \u015fah\u0131slar taraf\u0131ndan (\u2018\u00fc\u00e7\u00fcnc\u00fc taraf \u00e7erezleri\u2019) konulabilir.<\/div>\n<h3>\u00c7erezleri Nas\u0131l Kullan\u0131yoruz?<\/h3>\n<div>\n<p>\u00c7erezleri bir\u00e7ok farkl\u0131 ama\u00e7 i\u00e7in kullan\u0131yoruz. Baz\u0131 \u00e7erezler teknik nedenlerden dolay\u0131 gereklidir; baz\u0131lar\u0131 hem ziyaret\u00e7iler hem de kay\u0131tl\u0131 kullan\u0131c\u0131lar i\u00e7in ki\u015fiselle\u015ftirilmi\u015f bir deneyim sa\u011flar; ve baz\u0131lar\u0131 se\u00e7ili \u00fc\u00e7\u00fcnc\u00fc taraf a\u011flardan reklamlar\u0131n g\u00f6sterilmesine izin verir. Bu \u00e7erezlerin baz\u0131lar\u0131, bir sayfa y\u00fcklendi\u011finde veya bir ziyaret\u00e7i belirli bir eylemde bulundu\u011funda konulabilir.<\/p>\n<\/div>\n<h3>Hangi T\u00fcr \u00c7erezleri Kullan\u0131yoruz?<\/h3>\n<div>\n<p><strong>Kesinlikle gerekli<\/strong>: Bunlar bu sitenin temel i\u015flevleri yerine getirmesi i\u00e7in gerekli olan \u00e7erezlerdir. Bunlar, kay\u0131tl\u0131 kullan\u0131c\u0131lar\u0131n hesapla ilgili i\u015flevleri onaylamas\u0131n\u0131 ve ger\u00e7ekle\u015ftirmesini sa\u011flamak i\u00e7in gerekli olanlar\u0131 i\u00e7erir.<\/p>\n<p><strong>\u0130\u015flevsellik<\/strong>: Bu \u00e7erezler hesap ad\u0131, dil ve konum gibi kullan\u0131c\u0131lar taraf\u0131ndan belirlenen tercihleri saklamak i\u00e7in kullan\u0131l\u0131r.<\/p>\n<p><strong>Performans<\/strong>: Performans \u00e7erezleri, kullan\u0131c\u0131lar\u0131n en \u00e7ok hangi sayfalar\u0131n ziyaret edildi\u011fi ve di\u011fer analitik veriler hakk\u0131nda bilgi toplar. Bu ayr\u0131nt\u0131lar yaln\u0131zca web sitesinin i\u015flevini geli\u015ftirmek i\u00e7in kullan\u0131l\u0131r.<\/p>\n<p><strong>\u0130zleme<\/strong>: Bunlar, benzersiz ziyaret\u00e7i say\u0131s\u0131 ve kullan\u0131c\u0131 deneyimini iyile\u015ftirmeye yard\u0131mc\u0131 olmak i\u00e7in sayfa g\u00f6r\u00fcn\u00fcmleri gibi ayr\u0131nt\u0131lar\u0131 izlemek i\u00e7in g\u00fcvenilir \u00fc\u00e7\u00fcnc\u00fc taraf a\u011flar\u0131 taraf\u0131ndan konulur.<\/p>\n<p><strong>\u00dc\u00e7\u00fcn\u00fc Parti\/G\u00f6m\u00fclen \u0130\u00e7erik<\/strong>: Sitemiz, web sitesi ziyaret\u00e7ilerinin deneyimini geli\u015ftirmek i\u00e7in farkl\u0131 \u00fc\u00e7\u00fcnc\u00fc taraf uygulamalar ve servislerden faydalanmaktad\u0131r. Bunlara Sonu\u00e7 olarak, \u00e7erezler bu \u00fc\u00e7\u00fcnc\u00fc taraflarca belirlenebilir ve \u00e7evrimi\u00e7i etkinliklerinizi izlemek i\u00e7in onlar taraf\u0131ndan kullan\u0131labilir. Bu \u00e7erezler taraf\u0131ndan toplanan bilgiler \u00fczerinde do\u011frudan kontrol\u00fcm\u00fcz yoktur.<\/p>\n<\/div>\n<h3>\u00c7erez Kullan\u0131m\u0131 Se\u00e7eneklerini Nas\u0131l De\u011fi\u015ftiririm?<\/h3>\n<p>Ziyaret\u00e7iler, \u00e7erez kullan\u0131m\u0131n\u0131 s\u0131n\u0131rlamak veya kaydedilmesini tamamen engellemek isteyebilirler. \u00c7o\u011fu taray\u0131c\u0131, \u00e7erez davran\u0131\u015f\u0131n\u0131 kontrol etmenin yollar\u0131n\u0131, \u00f6rne\u011fin depolanma s\u00fcreleri gibi, yerle\u015fik i\u015flevsellik veya \u00fc\u00e7\u00fcnc\u00fc taraf eklentileri kullanarak sa\u011flar.<\/p>\n<div>\n<p>\u00c7erezlerin nas\u0131l y\u00f6netilece\u011fi ve silinece\u011fi hakk\u0131nda daha fazla bilgi edinmek i\u00e7in\u00a0<a href=\"https:\/\/www.aboutcookies.org\/\">aboutcookies.org<\/a>\u00a0adresini ziyaret edin. Reklam \u00e7erezleri ve bunlar\u0131n nas\u0131l y\u00f6netilece\u011fi hakk\u0131nda daha fazla bilgi i\u00e7in\u00a0<a href=\"https:\/\/youronlinechoices.eu\/\">youronlinechoices.eu<\/a>\u00a0(AB merkezli) veya\u00a0<a href=\"http:\/\/www.aboutads.info\/choices\/\">aboutads.info<\/a>\u00a0(ABD merkezli) adresini ziyaret edin.<\/p>\n<p>\u00c7erezleri kabul etmeme ve bilgisayar\u0131n\u0131zdan silmeye ili\u015fkin taray\u0131c\u0131 y\u00f6nlendirmelerine a\u015fa\u011f\u0131da yer alan tablodan ula\u015fabilirsiniz:<\/p>\n<p><strong>Internet Explorer<\/strong> <a href=\"https:\/\/support.microsoft.com\/tr-tr\/help\/17442\/windows-internet-explorer-delete-manage-cookies\" target=\"_blank\" rel=\"noopener\">https:\/\/support.microsoft.com\/tr-tr\/help\/17442\/windows-internet-explorer-delete-manage-cookies<\/a><\/p>\n<p><strong>Google Chrome:<\/strong> <a href=\"https:\/\/support.google.com\/chrome\/answer\/95647?hl=tr\" target=\"_blank\" rel=\"noopener\">https:\/\/support.google.com\/chrome\/answer\/95647?hl=tr<\/a><\/p>\n<p><strong>Mozilla Firefox<\/strong> <a href=\"https:\/\/support.mozilla.org\/tr\/kb\/cerezler-web-sitelerinin-bilgisayarinizda-depoladi\" target=\"_blank\" rel=\"noopener\">https:\/\/support.mozilla.org\/tr\/kb\/cerezler-web-sitelerinin-bilgisayarinizda-depoladi<\/a><\/p>\n<p><strong>Safari:<\/strong> <a href=\"https:\/\/support.apple.com\/tr-tr\/HT201265\" target=\"_blank\" rel=\"noopener\">https:\/\/support.apple.com\/tr-tr\/HT201265<\/a><\/p>\n<p>\u00c7erezlerin kullan\u0131m\u0131n\u0131 k\u0131s\u0131tlaman\u0131n ya da devre d\u0131\u015f\u0131 b\u0131rakman\u0131n sitelerin i\u015flevselli\u011fini s\u0131n\u0131rland\u0131rabilece\u011fini ya da do\u011fru \u00e7al\u0131\u015fmalar\u0131n\u0131 engelleyebilece\u011fini not etmek \u00f6nemlidir.<br \/>\n<p>The below list details the cookies used in our website.<\/p><table class=\"cookielawinfo-row-cat-table cookielawinfo-classic\"><thead><tr><th class=\"cookielawinfo-column-1\">Cookie<\/th><th class=\"cookielawinfo-column-4\">Description<\/th><\/tr><\/thead><tbody><tr class=\"cookielawinfo-row\"><td class=\"cookielawinfo-column-1\">CookieLawInfoConsent<\/td><td class=\"cookielawinfo-column-4\">Taray\u0131c\u0131n\u0131n \u00e7erezleri kabul edip etmedi\u011fini test eder.<\/td><\/tr><\/tbody><\/table><\/p>\n<\/div>\n<\/div>\n<p>[\/vc_column_text][\/vc_column][\/vc_row]<\/p>\n","protected":false},"excerpt":{"rendered":"<p>[vc_row][vc_column][vc_column_text] \u00c7erez Politikas\u0131 Hakk\u0131nda Bu \u00c7erez Politikas\u0131, \u00e7erezlerin ne oldu\u011funu ve bunlar\u0131 nas\u0131l kulland\u0131\u011f\u0131m\u0131z\u0131, kulland\u0131\u011f\u0131m\u0131z \u00e7erez t\u00fcrlerini, \u00e7erezleri kullanarak toplad\u0131\u011f\u0131m\u0131z bilgileri ve bu bilgilerin nas\u0131l kullan\u0131ld\u0131\u011f\u0131n\u0131 ve \u00e7erez tercihlerinin nas\u0131l kontrol edilece\u011fini a\u00e7\u0131klar. Ki\u015fisel verilerinizi nas\u0131l kulland\u0131\u011f\u0131m\u0131z, saklad\u0131\u011f\u0131m\u0131z ve g\u00fcvende tuttu\u011fumuz hakk\u0131nda daha fazla bilgi i\u00e7in Gizlilik Politikam\u0131za bak\u0131n. Web sitemizdeki \u00c7erez Beyan\u0131&#8217;ndaki onay\u0131n\u0131z\u0131 istedi\u011finiz<\/p>\n","protected":false},"author":2,"featured_media":0,"parent":0,"menu_order":0,"comment_status":"closed","ping_status":"closed","template":"","meta":[],"_links":{"self":[{"href":"https:\/\/emelyilmaz.av.tr\/tr\/wp-json\/wp\/v2\/pages\/7303"}],"collection":[{"href":"https:\/\/emelyilmaz.av.tr\/tr\/wp-json\/wp\/v2\/pages"}],"about":[{"href":"https:\/\/emelyilmaz.av.tr\/tr\/wp-json\/wp\/v2\/types\/page"}],"author":[{"embeddable":true,"href":"https:\/\/emelyilmaz.av.tr\/tr\/wp-json\/wp\/v2\/users\/2"}],"replies":[{"embeddable":true,"href":"https:\/\/emelyilmaz.av.tr\/tr\/wp-json\/wp\/v2\/comments?post=7303"}],"version-history":[{"count":7,"href":"https:\/\/emelyilmaz.av.tr\/tr\/wp-json\/wp\/v2\/pages\/7303\/revisions"}],"predecessor-version":[{"id":7342,"href":"https:\/\/emelyilmaz.av.tr\/tr\/wp-json\/wp\/v2\/pages\/7303\/revisions\/7342"}],"wp:attachment":[{"href":"https:\/\/emelyilmaz.av.tr\/tr\/wp-json\/wp\/v2\/media?parent=7303"}],"curies":[{"name":"wp","href":"https:\/\/api.w.org\/{rel}","templated":true}]}}