{"id":7215,"date":"2020-12-11T10:55:12","date_gmt":"2020-12-11T10:55:12","guid":{"rendered":"https:\/\/emelyilmaz.av.tr\/tr\/?page_id=7215"},"modified":"2020-12-11T10:55:14","modified_gmt":"2020-12-11T10:55:14","slug":"yasal-uyari","status":"publish","type":"page","link":"https:\/\/emelyilmaz.av.tr\/tr\/yasal-uyari\/","title":{"rendered":"Yasal Uyar\u0131"},"content":{"rendered":"\n<p>Say\u0131n Ziyaret\u00e7i,<\/p>\n\n\n\n<p>EY Hukuk B\u00fcrosu internet sitesinin kullan\u0131m \u015fartlar\u0131 a\u015fa\u011f\u0131daki gibidir.&nbsp;<a href=\"http:\/\/www.emelyilmaz.av.tr\/\">www.emelyilmaz.av.tr<\/a>&nbsp;internet sitesinin kullan\u0131lmas\u0131yla bu \u015fartlar\u0131 pe\u015finen kabul etmi\u015f say\u0131l\u0131rs\u0131n\u0131z.<\/p>\n\n\n\n<p>Faaliyetlerimiz Avukatl\u0131k Kanunu\u2019na uygun bir \u015fekilde y\u00fcr\u00fct\u00fclmekle birlikte kullan\u0131yor oldu\u011funuz internet sitesi ve i\u00e7indeki bilgiler, T\u00fcrkiye Barolar Birli\u011fi\u2019nin Meslek Kurallar\u0131 ile ilgili mevzuata ba\u011fl\u0131 kal\u0131narak ve ilgili mevzuattaki reklam yasa\u011f\u0131na ili\u015fkin d\u00fczenlemelere uygun olarak haz\u0131rlanm\u0131\u015ft\u0131r.&nbsp;<\/p>\n\n\n\n<p>T\u00fcrkiye Barolar Birli\u011fi Reklam Yasa\u011f\u0131 Y\u00f6netmeli\u011fi&nbsp;<em>(Resm\u00ee Gazete Tarihi: 21.11.2003, Resm\u00ee Gazete Say\u0131s\u0131: 25296)&nbsp;<\/em>uyar\u0131nca site i\u00e7erisinde yer verilen bilgiler, genel anlamda bilgi vermek amac\u0131yla haz\u0131rlanm\u0131\u015f olup reklam amac\u0131 g\u00fcd\u00fclmemektedir. Bu site ve i\u00e7erdi\u011fi bilgiler avukat-m\u00fcvekkil ili\u015fkisi kurmak amac\u0131 ile tasarlanmam\u0131\u015ft\u0131r.<\/p>\n\n\n\n<p>Bu internet sitesindeki bilgiler yaln\u0131zca bilgi verme ama\u00e7l\u0131 haz\u0131rlanm\u0131\u015f olup herhangi bir \u015fekilde hukuki g\u00f6r\u00fc\u015f niteli\u011finde de\u011fildir. Hukuki konular ile ilgili t\u00fcm detaylar\u0131, bilgileri i\u00e7eremeyebilir veya g\u00fcncellenmemi\u015f bilgiler i\u00e7erebilir. Bu kapsamda, bu internet sitesinde yer alan bilgiler y\u00fcr\u00fcrl\u00fckte bulunan kanun ve sair mevzuatlarda meydana gelen de\u011fi\u015fikliklere ba\u011fl\u0131 olarak g\u00fcncelli\u011fini yitirebilir ve y\u00fcr\u00fcrl\u00fckte olan yasal geli\u015fmelerin son halini yans\u0131tmayabilir. Bu nedenle, sitede yer alan bilgileri kullanarak hareket etmeniz yerinde olmay\u0131p konuyla alakal\u0131 uzman ki\u015fiye ba\u015fvurman\u0131z gerekecektir.&nbsp;<\/p>\n\n\n\n<p>Site i\u00e7erisindeki bilgilerin g\u00fcvenilir kaynaklardan al\u0131n\u0131p haz\u0131rlanmas\u0131 hususunda EY Hukuk B\u00fcrosu olarak b\u00fct\u00fcn gerekli \u00f6zeni g\u00f6sterdi\u011fimizi belirtmek isteriz. Fakat; sitede yer alan bilgilerdeki herhangi bir yanl\u0131\u015fl\u0131ktan veya eksiklikten ve internet sitesinde yer alan bilgilere dayanarak yap\u0131lan i\u015flemlerden do\u011fabilecek hi\u00e7bir maddi veya manevi zarardan, masraftan ve her ne \u015fekilde olursa olsun \u00fc\u00e7\u00fcnc\u00fc ki\u015filerin u\u011frayabilece\u011fi her t\u00fcrl\u00fc zarar ve masraftan dolay\u0131 EY Hukuk B\u00fcrosu ortaklar\u0131 ve b\u00fcnyesinde bulunan avukatlar hi\u00e7bir \u015fekilde sorumlu tutulamayacakt\u0131r.<\/p>\n\n\n\n<p>Bu sitedeki t\u00fcm bilgi ve dosyalar\u0131n m\u00fclkiyet hakk\u0131 ve mali haklar dahil sair b\u00fct\u00fcn haklar ile her t\u00fcrl\u00fc tasarruf yetkisi, gerek fikri ve s\u0131nai haklar mevzuat\u0131, gerek ise sair mevcut ve m\u00fcstakbel ilgili mevzuat anlam\u0131nda m\u00fcnhas\u0131ran-m\u00fcstakilen EY Hukuk B\u00fcrosu\u2019na aittir. Fikri m\u00fclkiyet hakk\u0131 dahilindeki yaz\u0131l\u0131 bilgi ve belgeler, logolar, EY Hukuk B\u00fcrosu\u2019nun m\u00fclkiyetindedir ve yaz\u0131l\u0131 izni olmadan kopyalanamaz, \u00e7o\u011falt\u0131lamaz, da\u011f\u0131t\u0131lamaz, yay\u0131nlanamaz ve kullan\u0131lamaz. EY Hukuk B\u00fcrosu taraf\u0131ndan a\u00e7\u0131k\u00e7a yaz\u0131l\u0131 \u015fekilde izin verilmedi\u011fi s\u00fcrece, bu sitede yeni linkler a\u00e7\u0131lmas\u0131 ve\/veya bu siteye link yarat\u0131lmas\u0131 kesinlikle yasakt\u0131r.<\/p>\n\n\n\n<p>EY Hukuk B\u00fcrosu<\/p>\n","protected":false},"excerpt":{"rendered":"<p>Say\u0131n Ziyaret\u00e7i, EY Hukuk B\u00fcrosu internet sitesinin kullan\u0131m \u015fartlar\u0131 a\u015fa\u011f\u0131daki gibidir.&nbsp;www.emelyilmaz.av.tr&nbsp;internet sitesinin kullan\u0131lmas\u0131yla bu \u015fartlar\u0131 pe\u015finen kabul etmi\u015f say\u0131l\u0131rs\u0131n\u0131z. Faaliyetlerimiz Avukatl\u0131k Kanunu\u2019na uygun bir \u015fekilde y\u00fcr\u00fct\u00fclmekle birlikte kullan\u0131yor oldu\u011funuz internet sitesi ve i\u00e7indeki bilgiler, T\u00fcrkiye Barolar Birli\u011fi\u2019nin Meslek Kurallar\u0131 ile ilgili mevzuata ba\u011fl\u0131 kal\u0131narak ve ilgili mevzuattaki reklam yasa\u011f\u0131na ili\u015fkin d\u00fczenlemelere uygun olarak haz\u0131rlanm\u0131\u015ft\u0131r.&nbsp; T\u00fcrkiye<\/p>\n","protected":false},"author":1,"featured_media":0,"parent":0,"menu_order":0,"comment_status":"closed","ping_status":"closed","template":"","meta":[],"_links":{"self":[{"href":"https:\/\/emelyilmaz.av.tr\/tr\/wp-json\/wp\/v2\/pages\/7215"}],"collection":[{"href":"https:\/\/emelyilmaz.av.tr\/tr\/wp-json\/wp\/v2\/pages"}],"about":[{"href":"https:\/\/emelyilmaz.av.tr\/tr\/wp-json\/wp\/v2\/types\/page"}],"author":[{"embeddable":true,"href":"https:\/\/emelyilmaz.av.tr\/tr\/wp-json\/wp\/v2\/users\/1"}],"replies":[{"embeddable":true,"href":"https:\/\/emelyilmaz.av.tr\/tr\/wp-json\/wp\/v2\/comments?post=7215"}],"version-history":[{"count":1,"href":"https:\/\/emelyilmaz.av.tr\/tr\/wp-json\/wp\/v2\/pages\/7215\/revisions"}],"predecessor-version":[{"id":7216,"href":"https:\/\/emelyilmaz.av.tr\/tr\/wp-json\/wp\/v2\/pages\/7215\/revisions\/7216"}],"wp:attachment":[{"href":"https:\/\/emelyilmaz.av.tr\/tr\/wp-json\/wp\/v2\/media?parent=7215"}],"curies":[{"name":"wp","href":"https:\/\/api.w.org\/{rel}","templated":true}]}}