{"id":7211,"date":"2020-12-11T10:52:42","date_gmt":"2020-12-11T10:52:42","guid":{"rendered":"https:\/\/emelyilmaz.av.tr\/tr\/?page_id=7211"},"modified":"2020-12-27T19:12:51","modified_gmt":"2020-12-27T19:12:51","slug":"gizlilik-politikasi","status":"publish","type":"page","link":"https:\/\/emelyilmaz.av.tr\/tr\/gizlilik-politikasi\/","title":{"rendered":"Gizlilik Politikas\u0131"},"content":{"rendered":"<p>[vc_row][vc_column][vc_column_text]<\/p>\r\n<p><strong>Ki\u015fisel Verilerin Korunmas\u0131 Politikas\u0131<\/strong><\/p>\r\n\r\n<p>EY Hukuk B\u00fcrosu olarak ki\u015fisel verilerinizin g\u00fcvenli\u011fi hususunda gerekli hassasiyeti g\u00f6steriyoruz. Bu bilin\u00e7le m\u00fcvekkillerimize ve potansiyel m\u00fcvekkillerimize, birlikte \u00e7al\u0131\u015ft\u0131\u011f\u0131m\u0131z meslekta\u015flar\u0131m\u0131za, meslekta\u015f adaylar\u0131m\u0131za, tedarik\u00e7ilere, ziyaret\u00e7ilere ve i\u015f birli\u011fi i\u00e7inde oldu\u011fumuz kurumlar\u0131n \u00e7al\u0131\u015fanlar\u0131na, hissedarlar\u0131na ve yetkilileri ile \u00fc\u00e7\u00fcnc\u00fc ki\u015filere ait her t\u00fcrl\u00fc ki\u015fisel veriyi 6698 say\u0131l\u0131 Ki\u015fisel Verilerin Korunmas\u0131 Kanunu (\u201cKVK Kanunu\u201d) kapsam\u0131nda hukuka ve d\u00fcr\u00fcstl\u00fck kurallar\u0131na uygun, do\u011fru ve g\u00fcncel olarak; belirli, a\u00e7\u0131k ve me\u015fru ama\u00e7larla ancak i\u015flendi\u011fi ama\u00e7la s\u0131n\u0131rl\u0131, ba\u011flant\u0131l\u0131 ve \u00f6l\u00e7\u00fcl\u00fc olarak, ilgili mevzuatta \u00f6ng\u00f6r\u00fclen veya i\u015flendikleri ama\u00e7 i\u00e7in gerekli olan s\u00fcre kadar muhafaza edilmek suretiyle i\u015fliyoruz.<\/p>\r\n\r\n<p>EY Hukuk B\u00fcrosu, ki\u015fisel verileri i\u015flenen ger\u00e7ek ve\/veya t\u00fczel ki\u015filerin g\u00fcncel, do\u011fru, belirli, a\u00e7\u0131k ve me\u015fru olmamas\u0131ndan sorumlu de\u011fildir.<\/p>\r\n\r\n<p><strong>Ki\u015fisel Verilerin Korunmas\u0131 Politikas\u0131n\u0131n Kapsam\u0131<\/strong>: \u0130\u015fbu politikada EY Hukuk B\u00fcrosu\u2019nun toplad\u0131\u011f\u0131, i\u015fledi\u011fi ki\u015fisel verilerin i\u00e7eri\u011fi, kullan\u0131l\u0131\u015f, i\u015fleni\u015f ama\u00e7lar\u0131 ve bi\u00e7imleri, muhafaza edilme ko\u015fullar\u0131, ki\u015fisel veri sahiplerinin haklar\u0131 ve ki\u015fisel verilerin korunmas\u0131na ili\u015fkin al\u0131nan \u00f6nlemler hakk\u0131nda a\u00e7\u0131klamalar bulunmaktad\u0131r.<\/p>\r\n\r\n<p><strong>Ki\u015fisel Verilerin \u0130\u015flenme Amac\u0131<\/strong>: Ki\u015fisel verileriniz, KVK Kanununun 4. maddesi kapsam\u0131nda belirtilen ilkelere ve a\u015fa\u011f\u0131daki ama\u00e7lara uygun olarak i\u015flemektedir;<\/p>\r\n\r\n<p>a) M\u00fcvekkiller, Potansiyel M\u00fcvekkiller, \u0130\u015f Ortaklar\u0131m\u0131z, Potansiyel \u0130\u015f Ortaklar\u0131m\u0131z, Tedarik\u00e7ilerimiz, Potansiyel Tedarik\u00e7ilerimiz, Ziyaret\u00e7ilerimiz, \u0130\u015f birli\u011fi i\u00e7inde oldu\u011fumuz kurumlar\u0131n \u00e7al\u0131\u015fanlar\u0131, hissedarlar\u0131, yetkilileri i\u00e7in; Her t\u00fcrl\u00fc avukatl\u0131k ve hukuki dan\u0131\u015fmanl\u0131k faaliyetinin ve bu faaliyetleri tamamlay\u0131c\u0131 i\u015flemlerin yerine getirilmesi, i\u015f s\u00fcre\u00e7lerinin y\u00fcr\u00fct\u00fclmesi, sat\u0131n alma, finans ve muhasebe i\u015flerinin y\u00fcr\u00fct\u00fclmesi, hukuki ve ticari g\u00fcvenli\u011fin temini, daha \u00f6nceden elde edilmi\u015f verilerin ileriki i\u015flemlerde de kullan\u0131labilmesi i\u00e7in saklanmas\u0131.<\/p>\r\n\r\n<p>b) \u00c7al\u0131\u015fan Meslekta\u015flar\u0131m\u0131z, Aday Meslekta\u015flar\u0131m\u0131z i\u00e7in; CV ve \u00f6zl\u00fck dosyas\u0131 kapsam\u0131ndaki bilgilerinin saklanmas\u0131, i\u015f, sosyal g\u00fcvenlik, vergi vb. mevzuattan kaynaklanan haklar\u0131n kullan\u0131lmas\u0131 ve y\u00fck\u00fcml\u00fcl\u00fcklerin yerine getirilmesi, web sitesine 3. Ki\u015fi ziyaret\u00e7ileri bilgilendirmek amac\u0131yla ki\u015fisel veri yerle\u015ftirilmesi, \u0130\u015f Hukukundan kaynaklanan uyu\u015fmazl\u0131klar\u0131n \u00e7\u00f6z\u00fcm\u00fc i\u00e7in kullan\u0131lacak bilgiler, i\u015fe al\u0131m s\u00fcrecinin ger\u00e7ekle\u015ftirilmesi, \u00f6zl\u00fck dosyas\u0131n\u0131n olu\u015fturulmas\u0131, i\u015f s\u00fcre\u00e7lerinin y\u00fcr\u00fct\u00fclmesi, raporlama ve istatistik \u00e7\u0131kar\u0131lmas\u0131, i\u015f sa\u011fl\u0131\u011f\u0131 ve g\u00fcvenli\u011fi y\u00fck\u00fcml\u00fcl\u00fcklerinin yerine getirilmesi, insan kaynaklar\u0131 politikalar\u0131n\u0131n y\u00fcr\u00fct\u00fclmesi vb.<\/p>\r\n\r\n<p><strong>Ki\u015fisel Verilerin Toplanmas\u0131:\u00a0<\/strong>Ki\u015fisel verileriniz, s\u00f6zl\u00fc, yaz\u0131l\u0131 ya da elektronik olarak toplanabilecektir.<\/p>\r\n\r\n<p><strong>\u0130\u015fleme ve Aktar\u0131m \u0130zni:\u00a0<\/strong>Ki\u015fisel verileriniz, her t\u00fcrl\u00fc hukuki hizmetlerimizden yararlanabilmeniz, hak ve menfaatlerinizin korunmas\u0131, g\u00fcvenli ortamda saklanmas\u0131 i\u00e7in gerekli i\u015flemlerin taraf\u0131m\u0131zca usul\u00fcne uygun olarak yap\u0131lmas\u0131 kapsam\u0131nda KVK Kanununun 5. ve 6. maddelerinde belirtilen i\u015fleme ile aktarma \u015fartlar\u0131 ve ama\u00e7lar\u0131 dahilinde i\u015flenecek ve 8. ve 9. maddelerinde belirtilen \u015fekilde de aktar\u0131labilecektir.<\/p>\r\n\r\n<p>5.madde kapsam\u0131nda a\u015fa\u011f\u0131daki \u015fartlardan birinin varl\u0131\u011f\u0131 h\u00e2linde, ilgili ki\u015finin a\u00e7\u0131k r\u0131zas\u0131 aranmaks\u0131z\u0131n ki\u015fisel verilerinin i\u015flenmesi m\u00fcmk\u00fcnd\u00fcr:<\/p>\r\n\r\n<p>a) Kanunlarda a\u00e7\u0131k\u00e7a \u00f6ng\u00f6r\u00fclmesi.<\/p>\r\n\r\n<p>b) Fiili imk\u00e2ns\u0131zl\u0131k nedeniyle r\u0131zas\u0131n\u0131 a\u00e7\u0131klayamayacak durumda bulunan veya r\u0131zas\u0131na hukuki ge\u00e7erlilik tan\u0131nmayan ki\u015finin kendisinin ya da bir ba\u015fkas\u0131n\u0131n hayat\u0131 veya beden b\u00fct\u00fcnl\u00fc\u011f\u00fcn\u00fcn korunmas\u0131 i\u00e7in zorunlu olmas\u0131.<\/p>\r\n\r\n<p>c) Bir s\u00f6zle\u015fmenin kurulmas\u0131 veya ifas\u0131yla do\u011frudan do\u011fruya ilgili olmas\u0131 kayd\u0131yla, s\u00f6zle\u015fmenin taraflar\u0131na ait ki\u015fisel verilerin i\u015flenmesinin gerekli olmas\u0131.<\/p>\r\n\r\n<p>\u00e7) Veri sorumlusunun hukuki y\u00fck\u00fcml\u00fcl\u00fc\u011f\u00fcn\u00fc yerine getirebilmesi i\u00e7in zorunlu olmas\u0131.<\/p>\r\n\r\n<p>d) \u0130lgili ki\u015finin kendisi taraf\u0131ndan alenile\u015ftirilmi\u015f olmas\u0131.<\/p>\r\n\r\n<p>e) Bir hakk\u0131n tesisi, kullan\u0131lmas\u0131 veya korunmas\u0131 i\u00e7in veri i\u015flemenin zorunlu olmas\u0131.<\/p>\r\n\r\n<p>f) \u0130lgili ki\u015finin temel hak ve \u00f6zg\u00fcrl\u00fcklerine zarar vermemek kayd\u0131yla, veri sorumlusunun me\u015fru menfaatleri i\u00e7in veri i\u015flenmesinin zorunlu olmas\u0131 madde \u00f6zel nitelikli ki\u015fisel verileri kapsamakla birlikte\u00a0<em>(\u00f6rn: etnik k\u00f6ken, \u0131rk, cinsiyet, vb. gibi ki\u015fiye \u00f6zg\u00fc veriler)\u00a0<\/em>veri sahibinin a\u00e7\u0131k r\u0131zas\u0131 gerekmektedir.<\/p>\r\n\r\n<p>Ki\u015fisel verilerinizi \u00fc\u00e7\u00fcnc\u00fc ki\u015filerle keyfi payla\u015fmamaya \u00fcst d\u00fczey \u00f6nem veriyor ve bu konuda itinayla hareket ediyoruz. Ki\u015fisel verilerinizi sadece yasal bir zorunluluk ya da bir mahkeme karar\u0131 olmas\u0131 halinde veya yukar\u0131daki ama\u00e7lar dahilinde hizmet ald\u0131\u011f\u0131m\u0131z firmalar ile payla\u015f\u0131yoruz. EY Hukuk B\u00fcrosu, Google firmas\u0131na ait G-mail e-posta hizmeti olan G-Suite altyap\u0131s\u0131n\u0131 kullanmaktad\u0131r. Bu altyap\u0131n\u0131n kullan\u0131lmas\u0131 halinde g\u00f6nderilen ve\/veya al\u0131nan e-postalar\u0131n d\u00fcnyan\u0131n \u00e7e\u015fitli yerlerinde bulunan veri merkezlerinde tutulmas\u0131 s\u00f6z konusu olabilmektedir.\u00a0<em>(Bunun i\u00e7in Google Gizlilik Politikas\u0131n\u0131 inceleyebilirsiniz;\u00a0<\/em><a href=\"https:\/\/policies.google.com\/privacy?hl=en\"><em>https:\/\/policies.google.com\/privacy?hl=en<\/em><\/a><em>)<\/em><\/p>\r\n\r\n<p><strong>Ki\u015fisel Verilerin Silinmesi, Yok Edilmesi veya Anonim H\u00e2le Getirilmesi<\/strong><\/p>\r\n\r\n<p>Ki\u015fisel verileriniz KVK Kanununa ve ilgili di\u011fer kanun h\u00fck\u00fcmlerine uygun olarak i\u015flenmi\u015f olmas\u0131na ra\u011fmen, i\u015flenmesini gerektiren sebeplerin ortadan kalkmas\u0131 h\u00e2linde ki\u015fisel veriler resen veya ilgili ki\u015finin talebi \u00fczerine veri sorumlusu taraf\u0131ndan silinir, yok edilir veya anonim h\u00e2le getirilir.<\/p>\r\n\r\n<p><strong>Ki\u015fisel Verilerin Do\u011fru ve G\u00fcncel Olarak Muhafaza Edilmesi, G\u00fcvenli\u011fi ve Korunmas\u0131 Hususu<\/strong><\/p>\r\n\r\n<p>EY Hukuk B\u00fcrosu, KVK Kanunu ilgili maddeleri kapsam\u0131nda ki\u015fisel verilerin do\u011fru ve g\u00fcncel olarak muhafaza edilmesi, g\u00fcvenli ortamlarda saklanmas\u0131 ve kaybolmas\u0131, de\u011fi\u015ftirilmesi veya hukuka ayk\u0131r\u0131 olarak kullan\u0131lmas\u0131n\u0131 \u00f6nlemek ad\u0131na her t\u00fcrl\u00fc idari, teknik ve hukuki \u00f6nlemi almaktad\u0131r.<\/p>\r\n\r\n<p><strong>Ki\u015fisel Verilerin Korunmas\u0131 Politikas\u0131nda Yap\u0131lacak De\u011fi\u015fiklikler<\/strong><\/p>\r\n\r\n<p>EY Hukuk B\u00fcrosu, i\u015fbu politikada, faaliyetlerinin gerektirdi\u011fi \u00f6l\u00e7\u00fcde veya yasal a\u00e7\u0131dan gerekli oldu\u011funda de\u011fi\u015fiklikler yapabilir. S\u00f6z konusu de\u011fi\u015fiklikler, de\u011fi\u015fikli\u011fe u\u011fram\u0131\u015f olan politika metninin\u00a0<a href=\"http:\/\/www.emelyilmaz.av.tr\/\"><strong>www.<\/strong><strong><u>emelyilmaz.av.tr<\/u><\/strong><\/a>sitesinde yay\u0131mlanmas\u0131 ile birlikte ge\u00e7erlilik kazan\u0131r.<\/p>\r\n\r\n<p><strong>Ki\u015fisel Verilerinizle \u0130lgili Haklar\u0131n\u0131z<\/strong><\/p>\r\n\r\n<p>\u0130lgili ki\u015filer ki\u015fisel verilerine ili\u015fkin haklar\u0131n\u0131 kullanmak i\u00e7in \u00f6ncelikle veri sorumlusuna ba\u015fvurmak zorundad\u0131rlar. KVK Kanununun 14\u2019\u00fcnc\u00fc maddesine g\u00f6re Ki\u015fisel Verileri Koruma Kurulu\u2019na do\u011frudan \u015fik\u00e2yette bulunulamaz.<\/p>\r\n\r\n<p>KVK Kanunu uyar\u0131nca ki\u015fisel verilerinizle ilgili olarak;<\/p>\r\n\r\n<p>a) Ki\u015fisel veri i\u015flenip i\u015flenmedi\u011fini \u00f6\u011frenme,<\/p>\r\n\r\n<p>b) Ki\u015fisel verileriniz i\u015flenmi\u015fse buna ili\u015fkin bilgi talep etme,<\/p>\r\n\r\n<p>c) Ki\u015fisel verilerinizin i\u015flenme amac\u0131n\u0131 ve bunlar\u0131n amac\u0131na uygun kullan\u0131l\u0131p kullan\u0131lmad\u0131\u011f\u0131n\u0131 \u00f6\u011frenme,<\/p>\r\n\r\n<p>\u00e7) Yurt i\u00e7inde veya yurt d\u0131\u015f\u0131nda ki\u015fisel verilerinizin aktar\u0131ld\u0131\u011f\u0131 \u00fc\u00e7\u00fcnc\u00fc ki\u015fileri bilme,<\/p>\r\n\r\n<p>d) Ki\u015fisel verilerinizin eksik veya yanl\u0131\u015f i\u015flenmi\u015f olmas\u0131 h\u00e2linde bunlar\u0131n d\u00fczeltilmesini isteme,<\/p>\r\n\r\n<p>e) \u0130\u015flenmesini gerektiren sebeplerin ortadan kalkmas\u0131 h\u00e2linde ki\u015fisel verilerinizin silinmesini veya yok edilmesini isteme,<\/p>\r\n\r\n<p>(f) (d) ve (e) bentleri uyar\u0131nca yap\u0131lan i\u015flemlerin, ki\u015fisel verilerinizin aktar\u0131ld\u0131\u011f\u0131 \u00fc\u00e7\u00fcnc\u00fc ki\u015filere bildirilmesini isteme,<\/p>\r\n\r\n<p>g) \u0130\u015flenen verilerinizin m\u00fcnhas\u0131ran otomatik sistemler vas\u0131tas\u0131yla analiz edilmesi suretiyle aleyhinize bir sonucun ortaya \u00e7\u0131kmas\u0131na itiraz etme,<\/p>\r\n\r\n<p>\u011f) KVK Kanununa ayk\u0131r\u0131 olarak i\u015flenmesi sebebiyle zarara u\u011framan\u0131z h\u00e2linde zarar\u0131n giderilmesini talep etme,<\/p>\r\n\r\n<p>haklar\u0131n\u0131z\u0131 veri sorumlusuna ba\u015fvurarak kullanabilirsiniz.<\/p>\r\n\r\n<p><strong>Veri Sorumlusuna Ba\u015fvuru Y\u00f6ntemi<\/strong><\/p>\r\n\r\n<p>Ba\u015fvurunuzu\u00a0<strong><em>\u201cAkat Mah. Zeytino\u011flu Cad. Arzu 2 Apt. No:4 K:5 D:26 34335 Be\u015fikta\u015f, \u0130stanbul, T\u00fcrkiye<\/em>\u201d<\/strong>\u00a0adresine yaz\u0131l\u0131 olarak kimlik fotokopilerinin eklendi\u011fi \u0131slak imzal\u0131 dilek\u00e7e ile elden veya iadeli taahh\u00fctl\u00fc mektupla, elektronik imzan\u0131z bulunmas\u0131 halinde kay\u0131tl\u0131 bulunan elektronik posta adresinizi kullanarak\u00a0<a href=\"mailto:info@emelyilmaz.av.tr\"><strong><u>info@emelyilmaz.av.tr<\/u><\/strong><\/a>\u00a0adresine e-posta g\u00f6ndererek kullanabilirsiniz. Ki\u015fisel veri sahibinin kendisi d\u0131\u015f\u0131nda bir ki\u015finin talepte bulunmas\u0131 i\u00e7in konuya ili\u015fkin olarak ki\u015fisel veri sahibi taraf\u0131ndan ba\u015fvuruda bulunacak ki\u015fi ad\u0131na d\u00fczenlenmi\u015f \u00f6zel vek\u00e2letnamesi bulunmal\u0131d\u0131r. S\u00f6z konusu taleplerin sonu\u00e7land\u0131r\u0131lmas\u0131n\u0131n ayr\u0131ca bir maliyet gerektirmesi h\u00e2linde, ba\u015fvuru sahibinden Kurul taraf\u0131ndan belirlenen tarifedeki \u00fccret al\u0131nacakt\u0131r. Hukuk B\u00fcromuz ba\u015fvuruda bulunan ki\u015finin ki\u015fisel veri sahibi olup olmad\u0131\u011f\u0131n\u0131 tespit etmek ad\u0131na ilgili ki\u015fiden ek bilgi talep edebilir, ba\u015fvuruda belirtilen hususlar\u0131 netle\u015ftirmek ad\u0131na, ki\u015fisel veri sahibine ba\u015fvurusu ile ilgili soru y\u00f6neltebilir.<\/p>\r\n\r\n<p>Sayg\u0131lar\u0131m\u0131zla<\/p>\r\n\r\n<p>EY Hukuk B\u00fcrosu<\/p>\r\n\r\n<p>&nbsp;<\/p>\r\n<p>[\/vc_column_text][\/vc_column][\/vc_row]<\/p>","protected":false},"excerpt":{"rendered":"<p>[vc_row][vc_column][vc_column_text] Ki\u015fisel Verilerin Korunmas\u0131 Politikas\u0131 EY Hukuk B\u00fcrosu olarak ki\u015fisel verilerinizin g\u00fcvenli\u011fi hususunda gerekli hassasiyeti g\u00f6steriyoruz. Bu bilin\u00e7le m\u00fcvekkillerimize ve potansiyel m\u00fcvekkillerimize, birlikte \u00e7al\u0131\u015ft\u0131\u011f\u0131m\u0131z meslekta\u015flar\u0131m\u0131za, meslekta\u015f adaylar\u0131m\u0131za, tedarik\u00e7ilere, ziyaret\u00e7ilere ve i\u015f birli\u011fi i\u00e7inde oldu\u011fumuz kurumlar\u0131n \u00e7al\u0131\u015fanlar\u0131na, hissedarlar\u0131na ve yetkilileri ile \u00fc\u00e7\u00fcnc\u00fc ki\u015filere ait her t\u00fcrl\u00fc ki\u015fisel veriyi 6698 say\u0131l\u0131 Ki\u015fisel Verilerin Korunmas\u0131 Kanunu (\u201cKVK Kanunu\u201d)<\/p>\n","protected":false},"author":1,"featured_media":0,"parent":0,"menu_order":0,"comment_status":"closed","ping_status":"closed","template":"","meta":[],"_links":{"self":[{"href":"https:\/\/emelyilmaz.av.tr\/tr\/wp-json\/wp\/v2\/pages\/7211"}],"collection":[{"href":"https:\/\/emelyilmaz.av.tr\/tr\/wp-json\/wp\/v2\/pages"}],"about":[{"href":"https:\/\/emelyilmaz.av.tr\/tr\/wp-json\/wp\/v2\/types\/page"}],"author":[{"embeddable":true,"href":"https:\/\/emelyilmaz.av.tr\/tr\/wp-json\/wp\/v2\/users\/1"}],"replies":[{"embeddable":true,"href":"https:\/\/emelyilmaz.av.tr\/tr\/wp-json\/wp\/v2\/comments?post=7211"}],"version-history":[{"count":4,"href":"https:\/\/emelyilmaz.av.tr\/tr\/wp-json\/wp\/v2\/pages\/7211\/revisions"}],"predecessor-version":[{"id":7311,"href":"https:\/\/emelyilmaz.av.tr\/tr\/wp-json\/wp\/v2\/pages\/7211\/revisions\/7311"}],"wp:attachment":[{"href":"https:\/\/emelyilmaz.av.tr\/tr\/wp-json\/wp\/v2\/media?parent=7211"}],"curies":[{"name":"wp","href":"https:\/\/api.w.org\/{rel}","templated":true}]}}