{"id":7198,"date":"2020-12-11T10:16:12","date_gmt":"2020-12-11T10:16:12","guid":{"rendered":"https:\/\/emelyilmaz.av.tr\/tr\/?page_id=7198"},"modified":"2020-12-11T10:16:13","modified_gmt":"2020-12-11T10:16:13","slug":"miras-hukuku","status":"publish","type":"page","link":"https:\/\/emelyilmaz.av.tr\/tr\/faaliyet-alanlarimiz\/miras-hukuku\/","title":{"rendered":"Miras Hukuku"},"content":{"rendered":"\n<p>Ekibimiz, veraset ilamlar\u0131n\u0131n \u00e7\u0131kart\u0131lmas\u0131, mirastan mal ka\u00e7\u0131rma, sakl\u0131 pay, muvazaal\u0131 miras\u0131n iptali, murislere kalan miras\u0131n ara\u015ft\u0131r\u0131l\u0131p\/kontrol edilmesi, miras de\u011ferinin tespit edilmesi, borca bat\u0131k miras\u0131n reddi, payl\u0131 m\u00fclkiyetin payda\u015flara da\u011f\u0131t\u0131m i\u015flemleri olmak \u00fczere geni\u015f bir yelpazede hukuki dan\u0131\u015fmanl\u0131k ve dava takibi hizmeti vermektedir.<\/p>\n","protected":false},"excerpt":{"rendered":"<p>Ekibimiz, veraset ilamlar\u0131n\u0131n \u00e7\u0131kart\u0131lmas\u0131, mirastan mal ka\u00e7\u0131rma, sakl\u0131 pay, muvazaal\u0131 miras\u0131n iptali, murislere kalan miras\u0131n ara\u015ft\u0131r\u0131l\u0131p\/kontrol edilmesi, miras de\u011ferinin tespit edilmesi, borca bat\u0131k miras\u0131n reddi, payl\u0131 m\u00fclkiyetin payda\u015flara da\u011f\u0131t\u0131m i\u015flemleri olmak \u00fczere geni\u015f bir yelpazede hukuki dan\u0131\u015fmanl\u0131k ve dava takibi hizmeti vermektedir.<\/p>\n","protected":false},"author":1,"featured_media":0,"parent":7121,"menu_order":0,"comment_status":"closed","ping_status":"closed","template":"","meta":[],"_links":{"self":[{"href":"https:\/\/emelyilmaz.av.tr\/tr\/wp-json\/wp\/v2\/pages\/7198"}],"collection":[{"href":"https:\/\/emelyilmaz.av.tr\/tr\/wp-json\/wp\/v2\/pages"}],"about":[{"href":"https:\/\/emelyilmaz.av.tr\/tr\/wp-json\/wp\/v2\/types\/page"}],"author":[{"embeddable":true,"href":"https:\/\/emelyilmaz.av.tr\/tr\/wp-json\/wp\/v2\/users\/1"}],"replies":[{"embeddable":true,"href":"https:\/\/emelyilmaz.av.tr\/tr\/wp-json\/wp\/v2\/comments?post=7198"}],"version-history":[{"count":1,"href":"https:\/\/emelyilmaz.av.tr\/tr\/wp-json\/wp\/v2\/pages\/7198\/revisions"}],"predecessor-version":[{"id":7199,"href":"https:\/\/emelyilmaz.av.tr\/tr\/wp-json\/wp\/v2\/pages\/7198\/revisions\/7199"}],"up":[{"embeddable":true,"href":"https:\/\/emelyilmaz.av.tr\/tr\/wp-json\/wp\/v2\/pages\/7121"}],"wp:attachment":[{"href":"https:\/\/emelyilmaz.av.tr\/tr\/wp-json\/wp\/v2\/media?parent=7198"}],"curies":[{"name":"wp","href":"https:\/\/api.w.org\/{rel}","templated":true}]}}