{"id":7196,"date":"2020-12-11T10:15:16","date_gmt":"2020-12-11T10:15:16","guid":{"rendered":"https:\/\/emelyilmaz.av.tr\/tr\/?page_id=7196"},"modified":"2020-12-11T10:15:18","modified_gmt":"2020-12-11T10:15:18","slug":"turizm-hukuku","status":"publish","type":"page","link":"https:\/\/emelyilmaz.av.tr\/tr\/faaliyet-alanlarimiz\/turizm-hukuku\/","title":{"rendered":"Turizm Hukuku"},"content":{"rendered":"\n<p>Ekibimiz, turizm \u015firketlerinin, t\u00fcm \u00e7al\u0131\u015fan ve \u00fc\u00e7\u00fcnc\u00fc ki\u015filerle ilgili i\u015flerini takip etmekle birlikte b\u00fcy\u00fck \u00e7apl\u0131 kiralama, konaklama, sat\u0131n alma vb. kapsamlarda s\u00f6zle\u015fmelerini yaparak, m\u00fcvekkillerin mevzuata uyumlu hareket etmeleri konusunda hukuki dan\u0131\u015fmanl\u0131k ve dava hizmeti vermektedir.<\/p>\n","protected":false},"excerpt":{"rendered":"<p>Ekibimiz, turizm \u015firketlerinin, t\u00fcm \u00e7al\u0131\u015fan ve \u00fc\u00e7\u00fcnc\u00fc ki\u015filerle ilgili i\u015flerini takip etmekle birlikte b\u00fcy\u00fck \u00e7apl\u0131 kiralama, konaklama, sat\u0131n alma vb. kapsamlarda s\u00f6zle\u015fmelerini yaparak, m\u00fcvekkillerin mevzuata uyumlu hareket etmeleri konusunda hukuki dan\u0131\u015fmanl\u0131k ve dava hizmeti vermektedir.<\/p>\n","protected":false},"author":1,"featured_media":0,"parent":7121,"menu_order":0,"comment_status":"closed","ping_status":"closed","template":"","meta":[],"_links":{"self":[{"href":"https:\/\/emelyilmaz.av.tr\/tr\/wp-json\/wp\/v2\/pages\/7196"}],"collection":[{"href":"https:\/\/emelyilmaz.av.tr\/tr\/wp-json\/wp\/v2\/pages"}],"about":[{"href":"https:\/\/emelyilmaz.av.tr\/tr\/wp-json\/wp\/v2\/types\/page"}],"author":[{"embeddable":true,"href":"https:\/\/emelyilmaz.av.tr\/tr\/wp-json\/wp\/v2\/users\/1"}],"replies":[{"embeddable":true,"href":"https:\/\/emelyilmaz.av.tr\/tr\/wp-json\/wp\/v2\/comments?post=7196"}],"version-history":[{"count":1,"href":"https:\/\/emelyilmaz.av.tr\/tr\/wp-json\/wp\/v2\/pages\/7196\/revisions"}],"predecessor-version":[{"id":7197,"href":"https:\/\/emelyilmaz.av.tr\/tr\/wp-json\/wp\/v2\/pages\/7196\/revisions\/7197"}],"up":[{"embeddable":true,"href":"https:\/\/emelyilmaz.av.tr\/tr\/wp-json\/wp\/v2\/pages\/7121"}],"wp:attachment":[{"href":"https:\/\/emelyilmaz.av.tr\/tr\/wp-json\/wp\/v2\/media?parent=7196"}],"curies":[{"name":"wp","href":"https:\/\/api.w.org\/{rel}","templated":true}]}}