{"id":7194,"date":"2020-12-11T10:14:29","date_gmt":"2020-12-11T10:14:29","guid":{"rendered":"https:\/\/emelyilmaz.av.tr\/tr\/?page_id=7194"},"modified":"2020-12-11T10:14:29","modified_gmt":"2020-12-11T10:14:29","slug":"fikri-mulkiyet-hukuku","status":"publish","type":"page","link":"https:\/\/emelyilmaz.av.tr\/tr\/faaliyet-alanlarimiz\/fikri-mulkiyet-hukuku\/","title":{"rendered":"Fikri M\u00fclkiyet Hukuku"},"content":{"rendered":"\n<p>Ekibimiz marka, telif haklar\u0131, lisans s\u00f6zle\u015fmeleri, patent haklar\u0131, ticari s\u0131rlar\u0131n korunmas\u0131 ve haks\u0131z rekabet gibi fikri ve s\u0131nai m\u00fclkiyet hukukunun her alan\u0131nda hem dan\u0131\u015fmanl\u0131k hem de dava takibi hizmeti vermektedir.<\/p>\n","protected":false},"excerpt":{"rendered":"<p>Ekibimiz marka, telif haklar\u0131, lisans s\u00f6zle\u015fmeleri, patent haklar\u0131, ticari s\u0131rlar\u0131n korunmas\u0131 ve haks\u0131z rekabet gibi fikri ve s\u0131nai m\u00fclkiyet hukukunun her alan\u0131nda hem dan\u0131\u015fmanl\u0131k hem de dava takibi hizmeti vermektedir.<\/p>\n","protected":false},"author":1,"featured_media":0,"parent":7121,"menu_order":0,"comment_status":"closed","ping_status":"closed","template":"","meta":[],"_links":{"self":[{"href":"https:\/\/emelyilmaz.av.tr\/tr\/wp-json\/wp\/v2\/pages\/7194"}],"collection":[{"href":"https:\/\/emelyilmaz.av.tr\/tr\/wp-json\/wp\/v2\/pages"}],"about":[{"href":"https:\/\/emelyilmaz.av.tr\/tr\/wp-json\/wp\/v2\/types\/page"}],"author":[{"embeddable":true,"href":"https:\/\/emelyilmaz.av.tr\/tr\/wp-json\/wp\/v2\/users\/1"}],"replies":[{"embeddable":true,"href":"https:\/\/emelyilmaz.av.tr\/tr\/wp-json\/wp\/v2\/comments?post=7194"}],"version-history":[{"count":1,"href":"https:\/\/emelyilmaz.av.tr\/tr\/wp-json\/wp\/v2\/pages\/7194\/revisions"}],"predecessor-version":[{"id":7195,"href":"https:\/\/emelyilmaz.av.tr\/tr\/wp-json\/wp\/v2\/pages\/7194\/revisions\/7195"}],"up":[{"embeddable":true,"href":"https:\/\/emelyilmaz.av.tr\/tr\/wp-json\/wp\/v2\/pages\/7121"}],"wp:attachment":[{"href":"https:\/\/emelyilmaz.av.tr\/tr\/wp-json\/wp\/v2\/media?parent=7194"}],"curies":[{"name":"wp","href":"https:\/\/api.w.org\/{rel}","templated":true}]}}