{"id":7192,"date":"2020-12-11T10:13:44","date_gmt":"2020-12-11T10:13:44","guid":{"rendered":"https:\/\/emelyilmaz.av.tr\/tr\/?page_id=7192"},"modified":"2020-12-11T10:13:44","modified_gmt":"2020-12-11T10:13:44","slug":"saglik-hukuku","status":"publish","type":"page","link":"https:\/\/emelyilmaz.av.tr\/tr\/faaliyet-alanlarimiz\/saglik-hukuku\/","title":{"rendered":"Sa\u011fl\u0131k Hukuku"},"content":{"rendered":"\n<p>Ekibimiz, di\u015f hastaneleri, ila\u00e7 \u015firketleri ve sa\u011fl\u0131k malzemesi ithalat ve pazarlamas\u0131 ile u\u011fra\u015fan \u015firketlerin fason \u00fcretimleri, \u00fcretim alanlar\u0131n\u0131n mevzuata uygunlu\u011fu, pilot\/jenerik \u00fcr\u00fcn\/ fason \u00fcr\u00fcn\/ila\u00e7lar\u0131n \u00fcretim a\u015famalar\u0131na ili\u015fkin s\u00f6zle\u015fmelerin haz\u0131rlanmas\u0131, hastalarla ilgili onam ve di\u011fer belgelerin d\u00fczenlenmesi kapsam\u0131nda hem dan\u0131\u015fmanl\u0131k hem de dava takibi hizmeti vermektedir.<\/p>\n","protected":false},"excerpt":{"rendered":"<p>Ekibimiz, di\u015f hastaneleri, ila\u00e7 \u015firketleri ve sa\u011fl\u0131k malzemesi ithalat ve pazarlamas\u0131 ile u\u011fra\u015fan \u015firketlerin fason \u00fcretimleri, \u00fcretim alanlar\u0131n\u0131n mevzuata uygunlu\u011fu, pilot\/jenerik \u00fcr\u00fcn\/ fason \u00fcr\u00fcn\/ila\u00e7lar\u0131n \u00fcretim a\u015famalar\u0131na ili\u015fkin s\u00f6zle\u015fmelerin haz\u0131rlanmas\u0131, hastalarla ilgili onam ve di\u011fer belgelerin d\u00fczenlenmesi kapsam\u0131nda hem dan\u0131\u015fmanl\u0131k hem de dava takibi hizmeti vermektedir.<\/p>\n","protected":false},"author":1,"featured_media":0,"parent":7121,"menu_order":0,"comment_status":"closed","ping_status":"closed","template":"","meta":[],"_links":{"self":[{"href":"https:\/\/emelyilmaz.av.tr\/tr\/wp-json\/wp\/v2\/pages\/7192"}],"collection":[{"href":"https:\/\/emelyilmaz.av.tr\/tr\/wp-json\/wp\/v2\/pages"}],"about":[{"href":"https:\/\/emelyilmaz.av.tr\/tr\/wp-json\/wp\/v2\/types\/page"}],"author":[{"embeddable":true,"href":"https:\/\/emelyilmaz.av.tr\/tr\/wp-json\/wp\/v2\/users\/1"}],"replies":[{"embeddable":true,"href":"https:\/\/emelyilmaz.av.tr\/tr\/wp-json\/wp\/v2\/comments?post=7192"}],"version-history":[{"count":1,"href":"https:\/\/emelyilmaz.av.tr\/tr\/wp-json\/wp\/v2\/pages\/7192\/revisions"}],"predecessor-version":[{"id":7193,"href":"https:\/\/emelyilmaz.av.tr\/tr\/wp-json\/wp\/v2\/pages\/7192\/revisions\/7193"}],"up":[{"embeddable":true,"href":"https:\/\/emelyilmaz.av.tr\/tr\/wp-json\/wp\/v2\/pages\/7121"}],"wp:attachment":[{"href":"https:\/\/emelyilmaz.av.tr\/tr\/wp-json\/wp\/v2\/media?parent=7192"}],"curies":[{"name":"wp","href":"https:\/\/api.w.org\/{rel}","templated":true}]}}