{"id":7190,"date":"2020-12-11T10:13:02","date_gmt":"2020-12-11T10:13:02","guid":{"rendered":"https:\/\/emelyilmaz.av.tr\/tr\/?page_id=7190"},"modified":"2020-12-11T10:13:02","modified_gmt":"2020-12-11T10:13:02","slug":"insaat-ve-gayrimenkul-hukuku","status":"publish","type":"page","link":"https:\/\/emelyilmaz.av.tr\/tr\/faaliyet-alanlarimiz\/insaat-ve-gayrimenkul-hukuku\/","title":{"rendered":"\u0130n\u015faat ve Gayrimenkul Hukuku"},"content":{"rendered":"\n<p>\u0130n\u015faat sekt\u00f6r\u00fcndeki yat\u0131r\u0131mc\u0131, m\u00fcteahhit ya da ta\u015feron \u015firketlere her t\u00fcr in\u015faat, sat\u0131n alma, ta\u015feronluk, idareye kar\u015f\u0131 sorumluluk i\u00e7eren s\u00f6zle\u015fmelerin incelenmesi, ihalelere ili\u015fkin s\u00f6zle\u015fmelerin d\u00fczenlenmesi, konut yap\u0131m\u0131na y\u00f6nelik s\u00f6zle\u015fmelerin haz\u0131rlanmas\u0131, gayrimenkul al\u0131m\/sat\u0131m\/devir i\u015flemlerine ili\u015fkin s\u00f6zle\u015fmelerin haz\u0131rlanmas\u0131, ta\u015f\u0131nmaz sat\u0131\u015f s\u00f6zle\u015fmelerinin haz\u0131rlanmas\u0131, payl\u0131 m\u00fclkiyetin payda\u015flara da\u011f\u0131t\u0131m i\u015flemleri, kiralama s\u00f6zle\u015fmeleri, kat kar\u015f\u0131l\u0131\u011f\u0131 in\u015faat s\u00f6zle\u015fmelerin haz\u0131rlanmas\u0131, t\u00fcketici yasas\u0131, devlet ihale kanunu ve eser s\u00f6zle\u015fmesine y\u00f6nelik mevzuatlar\u0131n takip edilerek bilgilendirme yap\u0131lmas\u0131, konut kredileri, ipotek, haciz temlik, t\u00fcm in\u015faat yap\u0131m i\u015fleri ile ba\u011flant\u0131l\u0131 konularda hukuki dan\u0131\u015fmanl\u0131k ve dava takibi hizmeti vermektedir.<\/p>\n","protected":false},"excerpt":{"rendered":"<p>\u0130n\u015faat sekt\u00f6r\u00fcndeki yat\u0131r\u0131mc\u0131, m\u00fcteahhit ya da ta\u015feron \u015firketlere her t\u00fcr in\u015faat, sat\u0131n alma, ta\u015feronluk, idareye kar\u015f\u0131 sorumluluk i\u00e7eren s\u00f6zle\u015fmelerin incelenmesi, ihalelere ili\u015fkin s\u00f6zle\u015fmelerin d\u00fczenlenmesi, konut yap\u0131m\u0131na y\u00f6nelik s\u00f6zle\u015fmelerin haz\u0131rlanmas\u0131, gayrimenkul al\u0131m\/sat\u0131m\/devir i\u015flemlerine ili\u015fkin s\u00f6zle\u015fmelerin haz\u0131rlanmas\u0131, ta\u015f\u0131nmaz sat\u0131\u015f s\u00f6zle\u015fmelerinin haz\u0131rlanmas\u0131, payl\u0131 m\u00fclkiyetin payda\u015flara da\u011f\u0131t\u0131m i\u015flemleri, kiralama s\u00f6zle\u015fmeleri, kat kar\u015f\u0131l\u0131\u011f\u0131 in\u015faat s\u00f6zle\u015fmelerin haz\u0131rlanmas\u0131, t\u00fcketici yasas\u0131, devlet ihale<\/p>\n","protected":false},"author":1,"featured_media":0,"parent":7121,"menu_order":0,"comment_status":"closed","ping_status":"closed","template":"","meta":[],"_links":{"self":[{"href":"https:\/\/emelyilmaz.av.tr\/tr\/wp-json\/wp\/v2\/pages\/7190"}],"collection":[{"href":"https:\/\/emelyilmaz.av.tr\/tr\/wp-json\/wp\/v2\/pages"}],"about":[{"href":"https:\/\/emelyilmaz.av.tr\/tr\/wp-json\/wp\/v2\/types\/page"}],"author":[{"embeddable":true,"href":"https:\/\/emelyilmaz.av.tr\/tr\/wp-json\/wp\/v2\/users\/1"}],"replies":[{"embeddable":true,"href":"https:\/\/emelyilmaz.av.tr\/tr\/wp-json\/wp\/v2\/comments?post=7190"}],"version-history":[{"count":1,"href":"https:\/\/emelyilmaz.av.tr\/tr\/wp-json\/wp\/v2\/pages\/7190\/revisions"}],"predecessor-version":[{"id":7191,"href":"https:\/\/emelyilmaz.av.tr\/tr\/wp-json\/wp\/v2\/pages\/7190\/revisions\/7191"}],"up":[{"embeddable":true,"href":"https:\/\/emelyilmaz.av.tr\/tr\/wp-json\/wp\/v2\/pages\/7121"}],"wp:attachment":[{"href":"https:\/\/emelyilmaz.av.tr\/tr\/wp-json\/wp\/v2\/media?parent=7190"}],"curies":[{"name":"wp","href":"https:\/\/api.w.org\/{rel}","templated":true}]}}