{"id":7186,"date":"2020-12-11T10:11:27","date_gmt":"2020-12-11T10:11:27","guid":{"rendered":"https:\/\/emelyilmaz.av.tr\/tr\/?page_id=7186"},"modified":"2020-12-11T10:11:28","modified_gmt":"2020-12-11T10:11:28","slug":"icra-ve-iflas-hukuku","status":"publish","type":"page","link":"https:\/\/emelyilmaz.av.tr\/tr\/faaliyet-alanlarimiz\/icra-ve-iflas-hukuku\/","title":{"rendered":"\u0130cra ve \u0130flas Hukuku"},"content":{"rendered":"\n<p>Ekibimiz ilaml\u0131 ve\/veya ilams\u0131z icra takiplerine ili\u015fkin her t\u00fcrl\u00fc s\u00fcre\u00e7 takibini yaparak m\u00fcvekkillerine en faydal\u0131 hizmeti vermektedir.<\/p>\n","protected":false},"excerpt":{"rendered":"<p>Ekibimiz ilaml\u0131 ve\/veya ilams\u0131z icra takiplerine ili\u015fkin her t\u00fcrl\u00fc s\u00fcre\u00e7 takibini yaparak m\u00fcvekkillerine en faydal\u0131 hizmeti vermektedir.<\/p>\n","protected":false},"author":1,"featured_media":0,"parent":7121,"menu_order":0,"comment_status":"closed","ping_status":"closed","template":"","meta":[],"_links":{"self":[{"href":"https:\/\/emelyilmaz.av.tr\/tr\/wp-json\/wp\/v2\/pages\/7186"}],"collection":[{"href":"https:\/\/emelyilmaz.av.tr\/tr\/wp-json\/wp\/v2\/pages"}],"about":[{"href":"https:\/\/emelyilmaz.av.tr\/tr\/wp-json\/wp\/v2\/types\/page"}],"author":[{"embeddable":true,"href":"https:\/\/emelyilmaz.av.tr\/tr\/wp-json\/wp\/v2\/users\/1"}],"replies":[{"embeddable":true,"href":"https:\/\/emelyilmaz.av.tr\/tr\/wp-json\/wp\/v2\/comments?post=7186"}],"version-history":[{"count":1,"href":"https:\/\/emelyilmaz.av.tr\/tr\/wp-json\/wp\/v2\/pages\/7186\/revisions"}],"predecessor-version":[{"id":7187,"href":"https:\/\/emelyilmaz.av.tr\/tr\/wp-json\/wp\/v2\/pages\/7186\/revisions\/7187"}],"up":[{"embeddable":true,"href":"https:\/\/emelyilmaz.av.tr\/tr\/wp-json\/wp\/v2\/pages\/7121"}],"wp:attachment":[{"href":"https:\/\/emelyilmaz.av.tr\/tr\/wp-json\/wp\/v2\/media?parent=7186"}],"curies":[{"name":"wp","href":"https:\/\/api.w.org\/{rel}","templated":true}]}}