{"id":7184,"date":"2020-12-11T10:10:40","date_gmt":"2020-12-11T10:10:40","guid":{"rendered":"https:\/\/emelyilmaz.av.tr\/tr\/?page_id=7184"},"modified":"2020-12-11T10:10:40","modified_gmt":"2020-12-11T10:10:40","slug":"dis-ticaret-hukuku","status":"publish","type":"page","link":"https:\/\/emelyilmaz.av.tr\/tr\/faaliyet-alanlarimiz\/dis-ticaret-hukuku\/","title":{"rendered":"D\u0131\u015f Ticaret Hukuku"},"content":{"rendered":"\n<p>Ticaret Hukukunun \u00f6nemli bir b\u00f6l\u00fcm\u00fc olan D\u0131\u015f Ticaret alan\u0131nda bankac\u0131l\u0131k ve finans konusundaki derin tecr\u00fcbelerimizden faydalanarak bir\u00e7ok sekt\u00f6re, bir\u00e7ok konuda hizmet sunmaktay\u0131z. \u00d6zellikle finansal enstr\u00fcmanlar\u00a0<em>(akreditif, SBL\/C, teminat mektubu, kontrgaranti, kredi ve garanti s\u00f6zle\u015fmeleri vs),<\/em>\u00a0\u00fcr\u00fcn, hizmet vesanayi alanlar\u0131nda her t\u00fcrl\u00fc al\u0131m-sat\u0131m s\u00f6zle\u015fmeleri, da\u011f\u0131t\u0131m, acentelik,franchise s\u00f6zle\u015fmeleri, bu s\u00f6zle\u015fmelerin haz\u0131rlanmas\u0131, m\u00fczakere edilmesi ve yine bu hususlarda dan\u0131\u015fmanl\u0131k verilmesi ana faaliyet alanlar\u0131m\u0131zdand\u0131r.<\/p>\n","protected":false},"excerpt":{"rendered":"<p>Ticaret Hukukunun \u00f6nemli bir b\u00f6l\u00fcm\u00fc olan D\u0131\u015f Ticaret alan\u0131nda bankac\u0131l\u0131k ve finans konusundaki derin tecr\u00fcbelerimizden faydalanarak bir\u00e7ok sekt\u00f6re, bir\u00e7ok konuda hizmet sunmaktay\u0131z. \u00d6zellikle finansal enstr\u00fcmanlar\u00a0(akreditif, SBL\/C, teminat mektubu, kontrgaranti, kredi ve garanti s\u00f6zle\u015fmeleri vs),\u00a0\u00fcr\u00fcn, hizmet vesanayi alanlar\u0131nda her t\u00fcrl\u00fc al\u0131m-sat\u0131m s\u00f6zle\u015fmeleri, da\u011f\u0131t\u0131m, acentelik,franchise s\u00f6zle\u015fmeleri, bu s\u00f6zle\u015fmelerin haz\u0131rlanmas\u0131, m\u00fczakere edilmesi ve yine bu hususlarda dan\u0131\u015fmanl\u0131k verilmesi<\/p>\n","protected":false},"author":1,"featured_media":0,"parent":7121,"menu_order":0,"comment_status":"closed","ping_status":"closed","template":"","meta":[],"_links":{"self":[{"href":"https:\/\/emelyilmaz.av.tr\/tr\/wp-json\/wp\/v2\/pages\/7184"}],"collection":[{"href":"https:\/\/emelyilmaz.av.tr\/tr\/wp-json\/wp\/v2\/pages"}],"about":[{"href":"https:\/\/emelyilmaz.av.tr\/tr\/wp-json\/wp\/v2\/types\/page"}],"author":[{"embeddable":true,"href":"https:\/\/emelyilmaz.av.tr\/tr\/wp-json\/wp\/v2\/users\/1"}],"replies":[{"embeddable":true,"href":"https:\/\/emelyilmaz.av.tr\/tr\/wp-json\/wp\/v2\/comments?post=7184"}],"version-history":[{"count":1,"href":"https:\/\/emelyilmaz.av.tr\/tr\/wp-json\/wp\/v2\/pages\/7184\/revisions"}],"predecessor-version":[{"id":7185,"href":"https:\/\/emelyilmaz.av.tr\/tr\/wp-json\/wp\/v2\/pages\/7184\/revisions\/7185"}],"up":[{"embeddable":true,"href":"https:\/\/emelyilmaz.av.tr\/tr\/wp-json\/wp\/v2\/pages\/7121"}],"wp:attachment":[{"href":"https:\/\/emelyilmaz.av.tr\/tr\/wp-json\/wp\/v2\/media?parent=7184"}],"curies":[{"name":"wp","href":"https:\/\/api.w.org\/{rel}","templated":true}]}}