{"id":7182,"date":"2020-12-11T10:09:50","date_gmt":"2020-12-11T10:09:50","guid":{"rendered":"https:\/\/emelyilmaz.av.tr\/tr\/?page_id=7182"},"modified":"2020-12-11T10:09:51","modified_gmt":"2020-12-11T10:09:51","slug":"yurt-disi-fonlama-ve-hazine-islemleri","status":"publish","type":"page","link":"https:\/\/emelyilmaz.av.tr\/tr\/faaliyet-alanlarimiz\/yurt-disi-fonlama-ve-hazine-islemleri\/","title":{"rendered":"Yurt D\u0131\u015f\u0131 Fonlama ve Hazine \u0130\u015flemleri"},"content":{"rendered":"\n<p>Kurucular\u0131m\u0131z\u0131n uzun y\u0131llara dayanan bankac\u0131l\u0131k ve finans tecr\u00fcbeleri ve uzman ekibimiz ile yurt d\u0131\u015f\u0131 fonlama (sendikasyon, sek\u00fcritizasyon, DPR vs) ve muhabirlik i\u015flemleri, tahvil ihra\u00e7lar\u0131, hazine ve t\u00fcrev \u00fcr\u00fcn ara\u00e7lar\u0131 ve s\u00f6zle\u015fmeleri konusunda hizmet vermekteyiz.<\/p>\n","protected":false},"excerpt":{"rendered":"<p>Kurucular\u0131m\u0131z\u0131n uzun y\u0131llara dayanan bankac\u0131l\u0131k ve finans tecr\u00fcbeleri ve uzman ekibimiz ile yurt d\u0131\u015f\u0131 fonlama (sendikasyon, sek\u00fcritizasyon, DPR vs) ve muhabirlik i\u015flemleri, tahvil ihra\u00e7lar\u0131, hazine ve t\u00fcrev \u00fcr\u00fcn ara\u00e7lar\u0131 ve s\u00f6zle\u015fmeleri konusunda hizmet vermekteyiz.<\/p>\n","protected":false},"author":1,"featured_media":0,"parent":7121,"menu_order":0,"comment_status":"closed","ping_status":"closed","template":"","meta":[],"_links":{"self":[{"href":"https:\/\/emelyilmaz.av.tr\/tr\/wp-json\/wp\/v2\/pages\/7182"}],"collection":[{"href":"https:\/\/emelyilmaz.av.tr\/tr\/wp-json\/wp\/v2\/pages"}],"about":[{"href":"https:\/\/emelyilmaz.av.tr\/tr\/wp-json\/wp\/v2\/types\/page"}],"author":[{"embeddable":true,"href":"https:\/\/emelyilmaz.av.tr\/tr\/wp-json\/wp\/v2\/users\/1"}],"replies":[{"embeddable":true,"href":"https:\/\/emelyilmaz.av.tr\/tr\/wp-json\/wp\/v2\/comments?post=7182"}],"version-history":[{"count":1,"href":"https:\/\/emelyilmaz.av.tr\/tr\/wp-json\/wp\/v2\/pages\/7182\/revisions"}],"predecessor-version":[{"id":7183,"href":"https:\/\/emelyilmaz.av.tr\/tr\/wp-json\/wp\/v2\/pages\/7182\/revisions\/7183"}],"up":[{"embeddable":true,"href":"https:\/\/emelyilmaz.av.tr\/tr\/wp-json\/wp\/v2\/pages\/7121"}],"wp:attachment":[{"href":"https:\/\/emelyilmaz.av.tr\/tr\/wp-json\/wp\/v2\/media?parent=7182"}],"curies":[{"name":"wp","href":"https:\/\/api.w.org\/{rel}","templated":true}]}}