{"id":7180,"date":"2020-12-11T10:08:58","date_gmt":"2020-12-11T10:08:58","guid":{"rendered":"https:\/\/emelyilmaz.av.tr\/tr\/?page_id=7180"},"modified":"2020-12-11T10:08:59","modified_gmt":"2020-12-11T10:08:59","slug":"proje-finansmani-ve-sendikasyon","status":"publish","type":"page","link":"https:\/\/emelyilmaz.av.tr\/tr\/faaliyet-alanlarimiz\/proje-finansmani-ve-sendikasyon\/","title":{"rendered":"Proje Finansman\u0131 ve Sendikasyon"},"content":{"rendered":"\n<p>Ba\u015fta \u015firket ve varl\u0131k sat\u0131n al\u0131m i\u015flemlerinin finansman\u0131 olmak \u00fczere, enerji, in\u015faat ve altyap\u0131, turizm, sa\u011fl\u0131k, \u00f6zelle\u015ftirme gibi alanlarda projelerin nakdi veya gayri nakdi finansman ihtiya\u00e7lar\u0131nda kredi s\u00f6zle\u015fmeleri ve teminat dok\u00fcmantasyon s\u00fcre\u00e7lerinin y\u00f6netilmesi (s\u00f6zle\u015fmelerin haz\u0131rlanmas\u0131, m\u00fczakere edilmesi vs),\u00a0yurti\u00e7i\/yurtd\u0131\u015f\u0131 bankalarla olu\u015fturulan konsorsiyumlarda\/sendikasyonlarda hukuki \u00e7al\u0131\u015fman\u0131n yap\u0131lmas\u0131, dok\u00fcman ve m\u00fczakere ad\u0131mlar\u0131n\u0131n y\u00fcr\u00fct\u00fclmesi konusunda hem banka ve finans kurumlar\u0131na hem de \u015firketlere hukuki hizmet vermekteyiz.<\/p>\n","protected":false},"excerpt":{"rendered":"<p>Ba\u015fta \u015firket ve varl\u0131k sat\u0131n al\u0131m i\u015flemlerinin finansman\u0131 olmak \u00fczere, enerji, in\u015faat ve altyap\u0131, turizm, sa\u011fl\u0131k, \u00f6zelle\u015ftirme gibi alanlarda projelerin nakdi veya gayri nakdi finansman ihtiya\u00e7lar\u0131nda kredi s\u00f6zle\u015fmeleri ve teminat dok\u00fcmantasyon s\u00fcre\u00e7lerinin y\u00f6netilmesi (s\u00f6zle\u015fmelerin haz\u0131rlanmas\u0131, m\u00fczakere edilmesi vs),\u00a0yurti\u00e7i\/yurtd\u0131\u015f\u0131 bankalarla olu\u015fturulan konsorsiyumlarda\/sendikasyonlarda hukuki \u00e7al\u0131\u015fman\u0131n yap\u0131lmas\u0131, dok\u00fcman ve m\u00fczakere ad\u0131mlar\u0131n\u0131n y\u00fcr\u00fct\u00fclmesi konusunda hem banka ve finans kurumlar\u0131na<\/p>\n","protected":false},"author":1,"featured_media":0,"parent":7121,"menu_order":0,"comment_status":"closed","ping_status":"closed","template":"","meta":[],"_links":{"self":[{"href":"https:\/\/emelyilmaz.av.tr\/tr\/wp-json\/wp\/v2\/pages\/7180"}],"collection":[{"href":"https:\/\/emelyilmaz.av.tr\/tr\/wp-json\/wp\/v2\/pages"}],"about":[{"href":"https:\/\/emelyilmaz.av.tr\/tr\/wp-json\/wp\/v2\/types\/page"}],"author":[{"embeddable":true,"href":"https:\/\/emelyilmaz.av.tr\/tr\/wp-json\/wp\/v2\/users\/1"}],"replies":[{"embeddable":true,"href":"https:\/\/emelyilmaz.av.tr\/tr\/wp-json\/wp\/v2\/comments?post=7180"}],"version-history":[{"count":1,"href":"https:\/\/emelyilmaz.av.tr\/tr\/wp-json\/wp\/v2\/pages\/7180\/revisions"}],"predecessor-version":[{"id":7181,"href":"https:\/\/emelyilmaz.av.tr\/tr\/wp-json\/wp\/v2\/pages\/7180\/revisions\/7181"}],"up":[{"embeddable":true,"href":"https:\/\/emelyilmaz.av.tr\/tr\/wp-json\/wp\/v2\/pages\/7121"}],"wp:attachment":[{"href":"https:\/\/emelyilmaz.av.tr\/tr\/wp-json\/wp\/v2\/media?parent=7180"}],"curies":[{"name":"wp","href":"https:\/\/api.w.org\/{rel}","templated":true}]}}