{"id":7178,"date":"2020-12-11T10:08:03","date_gmt":"2020-12-11T10:08:03","guid":{"rendered":"https:\/\/emelyilmaz.av.tr\/tr\/?page_id=7178"},"modified":"2020-12-11T10:08:04","modified_gmt":"2020-12-11T10:08:04","slug":"bankacilik-ve-finans-hukuku","status":"publish","type":"page","link":"https:\/\/emelyilmaz.av.tr\/tr\/faaliyet-alanlarimiz\/bankacilik-ve-finans-hukuku\/","title":{"rendered":"Bankac\u0131l\u0131k ve Finans Hukuku"},"content":{"rendered":"\n<p>Kurucusunun uzun y\u0131llara dayal\u0131 bankac\u0131l\u0131k ve finans hukuku tecr\u00fcbesiyle hali haz\u0131rda sekt\u00f6rde lider finans kurumlar\u0131na dan\u0131\u015fmanl\u0131k ve davalar konusunda hizmet vermekteyiz. \u00d6zellikle; kredi s\u00f6zle\u015fmeleri, her t\u00fcrl\u00fc \u00fcr\u00fcn ve hizmet geli\u015ftirme ad\u0131mlar\u0131, mevduat, kredi kartlar\u0131 ve sair finansal ara\u00e7lar konusunda bankac\u0131l\u0131k ve finans hukukuna uyum ana dan\u0131\u015fmanl\u0131k alanlar\u0131m\u0131zdand\u0131r. Bunun yan\u0131 s\u0131ra; banka ve finans kurumlar\u0131n\u0131n \u00f6zellikle dava takiplerinde de i\u015f birli\u011fi yapmaktay\u0131z.<\/p>\n","protected":false},"excerpt":{"rendered":"<p>Kurucusunun uzun y\u0131llara dayal\u0131 bankac\u0131l\u0131k ve finans hukuku tecr\u00fcbesiyle hali haz\u0131rda sekt\u00f6rde lider finans kurumlar\u0131na dan\u0131\u015fmanl\u0131k ve davalar konusunda hizmet vermekteyiz. \u00d6zellikle; kredi s\u00f6zle\u015fmeleri, her t\u00fcrl\u00fc \u00fcr\u00fcn ve hizmet geli\u015ftirme ad\u0131mlar\u0131, mevduat, kredi kartlar\u0131 ve sair finansal ara\u00e7lar konusunda bankac\u0131l\u0131k ve finans hukukuna uyum ana dan\u0131\u015fmanl\u0131k alanlar\u0131m\u0131zdand\u0131r. Bunun yan\u0131 s\u0131ra; banka ve finans kurumlar\u0131n\u0131n \u00f6zellikle<\/p>\n","protected":false},"author":1,"featured_media":0,"parent":7121,"menu_order":0,"comment_status":"closed","ping_status":"closed","template":"","meta":[],"_links":{"self":[{"href":"https:\/\/emelyilmaz.av.tr\/tr\/wp-json\/wp\/v2\/pages\/7178"}],"collection":[{"href":"https:\/\/emelyilmaz.av.tr\/tr\/wp-json\/wp\/v2\/pages"}],"about":[{"href":"https:\/\/emelyilmaz.av.tr\/tr\/wp-json\/wp\/v2\/types\/page"}],"author":[{"embeddable":true,"href":"https:\/\/emelyilmaz.av.tr\/tr\/wp-json\/wp\/v2\/users\/1"}],"replies":[{"embeddable":true,"href":"https:\/\/emelyilmaz.av.tr\/tr\/wp-json\/wp\/v2\/comments?post=7178"}],"version-history":[{"count":1,"href":"https:\/\/emelyilmaz.av.tr\/tr\/wp-json\/wp\/v2\/pages\/7178\/revisions"}],"predecessor-version":[{"id":7179,"href":"https:\/\/emelyilmaz.av.tr\/tr\/wp-json\/wp\/v2\/pages\/7178\/revisions\/7179"}],"up":[{"embeddable":true,"href":"https:\/\/emelyilmaz.av.tr\/tr\/wp-json\/wp\/v2\/pages\/7121"}],"wp:attachment":[{"href":"https:\/\/emelyilmaz.av.tr\/tr\/wp-json\/wp\/v2\/media?parent=7178"}],"curies":[{"name":"wp","href":"https:\/\/api.w.org\/{rel}","templated":true}]}}