{"id":7176,"date":"2020-12-11T10:07:11","date_gmt":"2020-12-11T10:07:11","guid":{"rendered":"https:\/\/emelyilmaz.av.tr\/tr\/?page_id=7176"},"modified":"2020-12-11T10:07:13","modified_gmt":"2020-12-11T10:07:13","slug":"kisisel-verilerin-korunmasi-hukuku","status":"publish","type":"page","link":"https:\/\/emelyilmaz.av.tr\/tr\/faaliyet-alanlarimiz\/kisisel-verilerin-korunmasi-hukuku\/","title":{"rendered":"Ki\u015fisel Verilerin Korunmas\u0131 Hukuku"},"content":{"rendered":"\n<p>2016 y\u0131l\u0131nda y\u00fcr\u00fcrl\u00fc\u011fe giren 6698 Say\u0131l\u0131 \u201cKi\u015fisel Verilerin Korunmas\u0131 Kanunu\u201d (\u201cKVKK\u201d) ve ikincil d\u00fczenlemeleri, ayr\u0131ca 2018 y\u0131l\u0131nda y\u00fcr\u00fcrl\u00fc\u011fe giren ve Avrupa Birli\u011fi Genel Veri Koruma T\u00fcz\u00fc\u011f\u00fc olan GDPR kapsam\u0131nda \u015firketlerin veri envanterlerinin olu\u015fturulmas\u0131, risk analizi yap\u0131lmas\u0131 ve ard\u0131ndan \u015firketlerin t\u00fcm birimlerinde i\u015flenen ki\u015fisel verilerin KVKK\u2019ya, ikincil d\u00fczenlemelerine ve Ki\u015fisel Verileri Koruma Kurumu\u2019nun kararlar\u0131na uyumlu hale getirilmesi y\u00f6n\u00fcnde gerekli<br>\u00f6nlemlerin al\u0131nmas\u0131, \u015firket \u00e7al\u0131\u015fanlar\u0131na konu ile ilgili e\u011fitimler verilmesi, s\u0131z\u0131nt\u0131 testi yap\u0131lmas\u0131, VERB\u0130S ve ETB\u0130S kay\u0131t sistemleri i\u015flemlerinin ger\u00e7ekle\u015ftirilmesi, \u015fikayet ve itiraz s\u00fcre\u00e7lerinin takibi, ayr\u0131ca konunun teknik y\u00f6nleri kapsam\u0131nda gerekti\u011finde d\u0131\u015f destek al\u0131nacak teknik uzmanlarla \u00e7al\u0131\u015f\u0131larak, teknik \u00e7\u00f6z\u00fcmlerin de hukuki d\u00fczenlemelerle uyum i\u00e7inde olmas\u0131n\u0131n sa\u011flanmas\u0131 gibi, mevzuat\u0131n d\u00fczenledi\u011fi ve \u015firketlerin uyum s\u00fcre\u00e7lerinin y\u00fcr\u00fct\u00fclmesi i\u00e7in gerekli olan b\u00fct\u00fcn \u00e7al\u0131\u015fmalar\u0131n yap\u0131lmas\u0131 konusunda, m\u00fcvekkillerimize proje bazl\u0131 dan\u0131\u015fmanl\u0131k hizmeti vermekteyiz. Proje sonras\u0131nda ise dan\u0131\u015fmanl\u0131k ve uyum denetimi hizmetlerimiz bulunmaktad\u0131r.<\/p>\n","protected":false},"excerpt":{"rendered":"<p>2016 y\u0131l\u0131nda y\u00fcr\u00fcrl\u00fc\u011fe giren 6698 Say\u0131l\u0131 \u201cKi\u015fisel Verilerin Korunmas\u0131 Kanunu\u201d (\u201cKVKK\u201d) ve ikincil d\u00fczenlemeleri, ayr\u0131ca 2018 y\u0131l\u0131nda y\u00fcr\u00fcrl\u00fc\u011fe giren ve Avrupa Birli\u011fi Genel Veri Koruma T\u00fcz\u00fc\u011f\u00fc olan GDPR kapsam\u0131nda \u015firketlerin veri envanterlerinin olu\u015fturulmas\u0131, risk analizi yap\u0131lmas\u0131 ve ard\u0131ndan \u015firketlerin t\u00fcm birimlerinde i\u015flenen ki\u015fisel verilerin KVKK\u2019ya, ikincil d\u00fczenlemelerine ve Ki\u015fisel Verileri Koruma Kurumu\u2019nun kararlar\u0131na uyumlu hale<\/p>\n","protected":false},"author":1,"featured_media":0,"parent":7121,"menu_order":0,"comment_status":"closed","ping_status":"closed","template":"","meta":[],"_links":{"self":[{"href":"https:\/\/emelyilmaz.av.tr\/tr\/wp-json\/wp\/v2\/pages\/7176"}],"collection":[{"href":"https:\/\/emelyilmaz.av.tr\/tr\/wp-json\/wp\/v2\/pages"}],"about":[{"href":"https:\/\/emelyilmaz.av.tr\/tr\/wp-json\/wp\/v2\/types\/page"}],"author":[{"embeddable":true,"href":"https:\/\/emelyilmaz.av.tr\/tr\/wp-json\/wp\/v2\/users\/1"}],"replies":[{"embeddable":true,"href":"https:\/\/emelyilmaz.av.tr\/tr\/wp-json\/wp\/v2\/comments?post=7176"}],"version-history":[{"count":1,"href":"https:\/\/emelyilmaz.av.tr\/tr\/wp-json\/wp\/v2\/pages\/7176\/revisions"}],"predecessor-version":[{"id":7177,"href":"https:\/\/emelyilmaz.av.tr\/tr\/wp-json\/wp\/v2\/pages\/7176\/revisions\/7177"}],"up":[{"embeddable":true,"href":"https:\/\/emelyilmaz.av.tr\/tr\/wp-json\/wp\/v2\/pages\/7121"}],"wp:attachment":[{"href":"https:\/\/emelyilmaz.av.tr\/tr\/wp-json\/wp\/v2\/media?parent=7176"}],"curies":[{"name":"wp","href":"https:\/\/api.w.org\/{rel}","templated":true}]}}