{"id":7174,"date":"2020-12-11T10:06:22","date_gmt":"2020-12-11T10:06:22","guid":{"rendered":"https:\/\/emelyilmaz.av.tr\/tr\/?page_id=7174"},"modified":"2020-12-11T10:06:22","modified_gmt":"2020-12-11T10:06:22","slug":"bilisim-ve-teknoloji-hukuku","status":"publish","type":"page","link":"https:\/\/emelyilmaz.av.tr\/tr\/faaliyet-alanlarimiz\/bilisim-ve-teknoloji-hukuku\/","title":{"rendered":"Bili\u015fim ve Teknoloji Hukuku"},"content":{"rendered":"\n<p>E-ticaret, CRM, sadakat programlar\u0131, telekom\u00fcnikasyon, medya, \u00f6deme hizmetleri, ki\u015fisel verilerin korunmas\u0131 ve bilgi g\u00fcvenli\u011fi gibi alanlarda yenilik\u00e7i yakla\u015f\u0131m\u0131m\u0131zla hem var olan mevzuat kapsam\u0131nda hem de hen\u00fcz yerle\u015fik hukuki uygulamas\u0131 olmayan konularda hukuki dan\u0131\u015fmanl\u0131k hizmeti vermekteyiz.<\/p>\n","protected":false},"excerpt":{"rendered":"<p>E-ticaret, CRM, sadakat programlar\u0131, telekom\u00fcnikasyon, medya, \u00f6deme hizmetleri, ki\u015fisel verilerin korunmas\u0131 ve bilgi g\u00fcvenli\u011fi gibi alanlarda yenilik\u00e7i yakla\u015f\u0131m\u0131m\u0131zla hem var olan mevzuat kapsam\u0131nda hem de hen\u00fcz yerle\u015fik hukuki uygulamas\u0131 olmayan konularda hukuki dan\u0131\u015fmanl\u0131k hizmeti vermekteyiz.<\/p>\n","protected":false},"author":1,"featured_media":0,"parent":7121,"menu_order":0,"comment_status":"closed","ping_status":"closed","template":"","meta":[],"_links":{"self":[{"href":"https:\/\/emelyilmaz.av.tr\/tr\/wp-json\/wp\/v2\/pages\/7174"}],"collection":[{"href":"https:\/\/emelyilmaz.av.tr\/tr\/wp-json\/wp\/v2\/pages"}],"about":[{"href":"https:\/\/emelyilmaz.av.tr\/tr\/wp-json\/wp\/v2\/types\/page"}],"author":[{"embeddable":true,"href":"https:\/\/emelyilmaz.av.tr\/tr\/wp-json\/wp\/v2\/users\/1"}],"replies":[{"embeddable":true,"href":"https:\/\/emelyilmaz.av.tr\/tr\/wp-json\/wp\/v2\/comments?post=7174"}],"version-history":[{"count":1,"href":"https:\/\/emelyilmaz.av.tr\/tr\/wp-json\/wp\/v2\/pages\/7174\/revisions"}],"predecessor-version":[{"id":7175,"href":"https:\/\/emelyilmaz.av.tr\/tr\/wp-json\/wp\/v2\/pages\/7174\/revisions\/7175"}],"up":[{"embeddable":true,"href":"https:\/\/emelyilmaz.av.tr\/tr\/wp-json\/wp\/v2\/pages\/7121"}],"wp:attachment":[{"href":"https:\/\/emelyilmaz.av.tr\/tr\/wp-json\/wp\/v2\/media?parent=7174"}],"curies":[{"name":"wp","href":"https:\/\/api.w.org\/{rel}","templated":true}]}}