{"id":7172,"date":"2020-12-11T10:05:36","date_gmt":"2020-12-11T10:05:36","guid":{"rendered":"https:\/\/emelyilmaz.av.tr\/tr\/?page_id=7172"},"modified":"2020-12-11T10:05:37","modified_gmt":"2020-12-11T10:05:37","slug":"birlesme-devralma","status":"publish","type":"page","link":"https:\/\/emelyilmaz.av.tr\/tr\/faaliyet-alanlarimiz\/birlesme-devralma\/","title":{"rendered":"Birle\u015fme &#038; Devralma"},"content":{"rendered":"\n<p>Ekibimiz m\u00fcvekkillerine turizm, sa\u011fl\u0131k, perakende sat\u0131\u015f, enerji, otomotiv, g\u0131da, in\u015faat, teknoloji gibi farkl\u0131 bir\u00e7ok sekt\u00f6rde ulusal ve uluslararas\u0131 kapsamda destek vermektedir. Ayr\u0131ca yat\u0131r\u0131m dan\u0131\u015fmanl\u0131\u011f\u0131, gerekli dok\u00fcmantasyonun haz\u0131rl\u0131\u011f\u0131, m\u00fczakere s\u00fcre\u00e7lerinin u\u00e7tan uca y\u00fcr\u00fct\u00fclmesi hizmetlerini vermekteyiz.<\/p>\n","protected":false},"excerpt":{"rendered":"<p>Ekibimiz m\u00fcvekkillerine turizm, sa\u011fl\u0131k, perakende sat\u0131\u015f, enerji, otomotiv, g\u0131da, in\u015faat, teknoloji gibi farkl\u0131 bir\u00e7ok sekt\u00f6rde ulusal ve uluslararas\u0131 kapsamda destek vermektedir. Ayr\u0131ca yat\u0131r\u0131m dan\u0131\u015fmanl\u0131\u011f\u0131, gerekli dok\u00fcmantasyonun haz\u0131rl\u0131\u011f\u0131, m\u00fczakere s\u00fcre\u00e7lerinin u\u00e7tan uca y\u00fcr\u00fct\u00fclmesi hizmetlerini vermekteyiz.<\/p>\n","protected":false},"author":1,"featured_media":0,"parent":7121,"menu_order":0,"comment_status":"closed","ping_status":"closed","template":"","meta":[],"_links":{"self":[{"href":"https:\/\/emelyilmaz.av.tr\/tr\/wp-json\/wp\/v2\/pages\/7172"}],"collection":[{"href":"https:\/\/emelyilmaz.av.tr\/tr\/wp-json\/wp\/v2\/pages"}],"about":[{"href":"https:\/\/emelyilmaz.av.tr\/tr\/wp-json\/wp\/v2\/types\/page"}],"author":[{"embeddable":true,"href":"https:\/\/emelyilmaz.av.tr\/tr\/wp-json\/wp\/v2\/users\/1"}],"replies":[{"embeddable":true,"href":"https:\/\/emelyilmaz.av.tr\/tr\/wp-json\/wp\/v2\/comments?post=7172"}],"version-history":[{"count":1,"href":"https:\/\/emelyilmaz.av.tr\/tr\/wp-json\/wp\/v2\/pages\/7172\/revisions"}],"predecessor-version":[{"id":7173,"href":"https:\/\/emelyilmaz.av.tr\/tr\/wp-json\/wp\/v2\/pages\/7172\/revisions\/7173"}],"up":[{"embeddable":true,"href":"https:\/\/emelyilmaz.av.tr\/tr\/wp-json\/wp\/v2\/pages\/7121"}],"wp:attachment":[{"href":"https:\/\/emelyilmaz.av.tr\/tr\/wp-json\/wp\/v2\/media?parent=7172"}],"curies":[{"name":"wp","href":"https:\/\/api.w.org\/{rel}","templated":true}]}}