{"id":7170,"date":"2020-12-11T10:04:52","date_gmt":"2020-12-11T10:04:52","guid":{"rendered":"https:\/\/emelyilmaz.av.tr\/tr\/?page_id=7170"},"modified":"2020-12-11T10:04:53","modified_gmt":"2020-12-11T10:04:53","slug":"yabancilar-hukuku-ve-yatirim-danismanligi","status":"publish","type":"page","link":"https:\/\/emelyilmaz.av.tr\/tr\/faaliyet-alanlarimiz\/yabancilar-hukuku-ve-yatirim-danismanligi\/","title":{"rendered":"Yabanc\u0131lar Hukuku ve Yat\u0131r\u0131m Dan\u0131\u015fmanl\u0131\u011f\u0131"},"content":{"rendered":"\n<p>EY Hukuk B\u00fcrosu, T\u00fcrkiye\u2019de yat\u0131r\u0131m yapmak, ya\u015famak, \u00e7al\u0131\u015fmak isteyen yabanc\u0131 m\u00fcvekkillere hukuki ve finansal a\u00e7\u0131dan dan\u0131\u015fmanl\u0131k hizmeti verilmekte olup bu kapsamda sekt\u00f6rdeki b\u00fcy\u00fck yabanc\u0131 ortakl\u0131 \u00f6zel bir bankan\u0131n yabanc\u0131 m\u00fc\u015fterilerini y\u00f6nlendirdi\u011fi tek ofistir. Bu kapsamda yo\u011fun olarak gayrimenkul hukukuna ili\u015fkin yat\u0131r\u0131m dan\u0131\u015fmanl\u0131\u011f\u0131, \u015firket kurma veya sat\u0131n almaya ili\u015fkin i\u015flemler, yabanc\u0131 \u00fclke vatanda\u015flar\u0131n\u0131n \u00e7al\u0131\u015fma izinlerinin al\u0131nmas\u0131, oturma izni s\u00fcre\u00e7lerinin takip edilmesi, T\u00fcrk Vatanda\u015fl\u0131\u011f\u0131na ili\u015fkin ba\u015fvuru ve takip i\u015flemlerinin yap\u0131lmas\u0131 gibi s\u00fcre\u00e7lerde hizmet vermekteyiz.<\/p>\n","protected":false},"excerpt":{"rendered":"<p>EY Hukuk B\u00fcrosu, T\u00fcrkiye\u2019de yat\u0131r\u0131m yapmak, ya\u015famak, \u00e7al\u0131\u015fmak isteyen yabanc\u0131 m\u00fcvekkillere hukuki ve finansal a\u00e7\u0131dan dan\u0131\u015fmanl\u0131k hizmeti verilmekte olup bu kapsamda sekt\u00f6rdeki b\u00fcy\u00fck yabanc\u0131 ortakl\u0131 \u00f6zel bir bankan\u0131n yabanc\u0131 m\u00fc\u015fterilerini y\u00f6nlendirdi\u011fi tek ofistir. Bu kapsamda yo\u011fun olarak gayrimenkul hukukuna ili\u015fkin yat\u0131r\u0131m dan\u0131\u015fmanl\u0131\u011f\u0131, \u015firket kurma veya sat\u0131n almaya ili\u015fkin i\u015flemler, yabanc\u0131 \u00fclke vatanda\u015flar\u0131n\u0131n \u00e7al\u0131\u015fma izinlerinin al\u0131nmas\u0131,<\/p>\n","protected":false},"author":1,"featured_media":0,"parent":7121,"menu_order":0,"comment_status":"closed","ping_status":"closed","template":"","meta":[],"_links":{"self":[{"href":"https:\/\/emelyilmaz.av.tr\/tr\/wp-json\/wp\/v2\/pages\/7170"}],"collection":[{"href":"https:\/\/emelyilmaz.av.tr\/tr\/wp-json\/wp\/v2\/pages"}],"about":[{"href":"https:\/\/emelyilmaz.av.tr\/tr\/wp-json\/wp\/v2\/types\/page"}],"author":[{"embeddable":true,"href":"https:\/\/emelyilmaz.av.tr\/tr\/wp-json\/wp\/v2\/users\/1"}],"replies":[{"embeddable":true,"href":"https:\/\/emelyilmaz.av.tr\/tr\/wp-json\/wp\/v2\/comments?post=7170"}],"version-history":[{"count":1,"href":"https:\/\/emelyilmaz.av.tr\/tr\/wp-json\/wp\/v2\/pages\/7170\/revisions"}],"predecessor-version":[{"id":7171,"href":"https:\/\/emelyilmaz.av.tr\/tr\/wp-json\/wp\/v2\/pages\/7170\/revisions\/7171"}],"up":[{"embeddable":true,"href":"https:\/\/emelyilmaz.av.tr\/tr\/wp-json\/wp\/v2\/pages\/7121"}],"wp:attachment":[{"href":"https:\/\/emelyilmaz.av.tr\/tr\/wp-json\/wp\/v2\/media?parent=7170"}],"curies":[{"name":"wp","href":"https:\/\/api.w.org\/{rel}","templated":true}]}}