{"id":7168,"date":"2020-12-11T10:03:51","date_gmt":"2020-12-11T10:03:51","guid":{"rendered":"https:\/\/emelyilmaz.av.tr\/tr\/?page_id=7168"},"modified":"2020-12-11T10:04:09","modified_gmt":"2020-12-11T10:04:09","slug":"is-ve-sosyal-guvenlik-hukuku","status":"publish","type":"page","link":"https:\/\/emelyilmaz.av.tr\/tr\/faaliyet-alanlarimiz\/is-ve-sosyal-guvenlik-hukuku\/","title":{"rendered":"\u0130\u015f ve Sosyal G\u00fcvenlik Hukuku"},"content":{"rendered":"\n<p>Bireysel ve toplu i\u015f hukuku, i\u015f sa\u011fl\u0131\u011f\u0131 ve g\u00fcvenli\u011fi hukuku, sosyal g\u00fcvenlik hukuku alanlar\u0131nda uzman ekibimiz bir\u00e7ok yerli ve yabanc\u0131 sermayeli \u015firkete i\u015f hukukuna ili\u015fkin her t\u00fcrl\u00fc konuda hukuki dan\u0131\u015fmanl\u0131k ve dava takibi hizmeti vermekte,arabuluculuk s\u00fcre\u00e7lerini y\u00fcr\u00fctmektedir.<\/p>\n","protected":false},"excerpt":{"rendered":"<p>Bireysel ve toplu i\u015f hukuku, i\u015f sa\u011fl\u0131\u011f\u0131 ve g\u00fcvenli\u011fi hukuku, sosyal g\u00fcvenlik hukuku alanlar\u0131nda uzman ekibimiz bir\u00e7ok yerli ve yabanc\u0131 sermayeli \u015firkete i\u015f hukukuna ili\u015fkin her t\u00fcrl\u00fc konuda hukuki dan\u0131\u015fmanl\u0131k ve dava takibi hizmeti vermekte,arabuluculuk s\u00fcre\u00e7lerini y\u00fcr\u00fctmektedir.<\/p>\n","protected":false},"author":1,"featured_media":0,"parent":7121,"menu_order":0,"comment_status":"closed","ping_status":"closed","template":"","meta":[],"_links":{"self":[{"href":"https:\/\/emelyilmaz.av.tr\/tr\/wp-json\/wp\/v2\/pages\/7168"}],"collection":[{"href":"https:\/\/emelyilmaz.av.tr\/tr\/wp-json\/wp\/v2\/pages"}],"about":[{"href":"https:\/\/emelyilmaz.av.tr\/tr\/wp-json\/wp\/v2\/types\/page"}],"author":[{"embeddable":true,"href":"https:\/\/emelyilmaz.av.tr\/tr\/wp-json\/wp\/v2\/users\/1"}],"replies":[{"embeddable":true,"href":"https:\/\/emelyilmaz.av.tr\/tr\/wp-json\/wp\/v2\/comments?post=7168"}],"version-history":[{"count":1,"href":"https:\/\/emelyilmaz.av.tr\/tr\/wp-json\/wp\/v2\/pages\/7168\/revisions"}],"predecessor-version":[{"id":7169,"href":"https:\/\/emelyilmaz.av.tr\/tr\/wp-json\/wp\/v2\/pages\/7168\/revisions\/7169"}],"up":[{"embeddable":true,"href":"https:\/\/emelyilmaz.av.tr\/tr\/wp-json\/wp\/v2\/pages\/7121"}],"wp:attachment":[{"href":"https:\/\/emelyilmaz.av.tr\/tr\/wp-json\/wp\/v2\/media?parent=7168"}],"curies":[{"name":"wp","href":"https:\/\/api.w.org\/{rel}","templated":true}]}}