{"id":7165,"date":"2020-12-11T10:02:42","date_gmt":"2020-12-11T10:02:42","guid":{"rendered":"https:\/\/emelyilmaz.av.tr\/tr\/?page_id=7165"},"modified":"2020-12-11T10:03:09","modified_gmt":"2020-12-11T10:03:09","slug":"ticaret-ve-sirketler-hukuku","status":"publish","type":"page","link":"https:\/\/emelyilmaz.av.tr\/tr\/faaliyet-alanlarimiz\/ticaret-ve-sirketler-hukuku\/","title":{"rendered":"Ticaret ve \u015eirketler Hukuku"},"content":{"rendered":"\n<p>Ekibimiz Ticaret Hukuku alan\u0131nda T\u00fcrkiye\u2019nin \u00f6nde gelen \u015firketlerine hukuki dan\u0131\u015fmanl\u0131k, dava ve icra takibi hizmetleri vermektedir. \u00d6zellikle; \u015firketlerin kurulmas\u0131, hissedarl\u0131k s\u00f6zle\u015fmelerinin, esas s\u00f6zle\u015fmelerinin haz\u0131rlanmas\u0131 ve 6102 say\u0131l\u0131 T\u00fcrk Ticaret Kanunu\u2019na uyumunun sa\u011flanmas\u0131, ola\u011fan\/ola\u011fan\u00fcst\u00fc genel kurul toplant\u0131lar\u0131n\u0131n y\u00fcr\u00fct\u00fclmesi, y\u00f6netim kurulu toplant\u0131lar\u0131na y\u00f6nelik dan\u0131\u015fmanl\u0131k hizmetlerinin verilmesi, kurumsal y\u00f6netim s\u00fcre\u00e7lerinde dan\u0131\u015fmanl\u0131k verilmesi, iflas durumlar\u0131n\u0131n de\u011ferlendirilmesi, konkordato ilan\u0131na ili\u015fkin s\u00fcre\u00e7 takibi, bor\u00e7 yap\u0131land\u0131rmas\u0131n\u0131n yap\u0131lmas\u0131 \u015feklinde geni\u015f bir yelpazede m\u00fcvekkillerimize hizmet vermekteyiz.<\/p>\n","protected":false},"excerpt":{"rendered":"<p>Ekibimiz Ticaret Hukuku alan\u0131nda T\u00fcrkiye\u2019nin \u00f6nde gelen \u015firketlerine hukuki dan\u0131\u015fmanl\u0131k, dava ve icra takibi hizmetleri vermektedir. \u00d6zellikle; \u015firketlerin kurulmas\u0131, hissedarl\u0131k s\u00f6zle\u015fmelerinin, esas s\u00f6zle\u015fmelerinin haz\u0131rlanmas\u0131 ve 6102 say\u0131l\u0131 T\u00fcrk Ticaret Kanunu\u2019na uyumunun sa\u011flanmas\u0131, ola\u011fan\/ola\u011fan\u00fcst\u00fc genel kurul toplant\u0131lar\u0131n\u0131n y\u00fcr\u00fct\u00fclmesi, y\u00f6netim kurulu toplant\u0131lar\u0131na y\u00f6nelik dan\u0131\u015fmanl\u0131k hizmetlerinin verilmesi, kurumsal y\u00f6netim s\u00fcre\u00e7lerinde dan\u0131\u015fmanl\u0131k verilmesi, iflas durumlar\u0131n\u0131n de\u011ferlendirilmesi, konkordato ilan\u0131na ili\u015fkin<\/p>\n","protected":false},"author":1,"featured_media":0,"parent":7121,"menu_order":0,"comment_status":"closed","ping_status":"closed","template":"","meta":[],"_links":{"self":[{"href":"https:\/\/emelyilmaz.av.tr\/tr\/wp-json\/wp\/v2\/pages\/7165"}],"collection":[{"href":"https:\/\/emelyilmaz.av.tr\/tr\/wp-json\/wp\/v2\/pages"}],"about":[{"href":"https:\/\/emelyilmaz.av.tr\/tr\/wp-json\/wp\/v2\/types\/page"}],"author":[{"embeddable":true,"href":"https:\/\/emelyilmaz.av.tr\/tr\/wp-json\/wp\/v2\/users\/1"}],"replies":[{"embeddable":true,"href":"https:\/\/emelyilmaz.av.tr\/tr\/wp-json\/wp\/v2\/comments?post=7165"}],"version-history":[{"count":1,"href":"https:\/\/emelyilmaz.av.tr\/tr\/wp-json\/wp\/v2\/pages\/7165\/revisions"}],"predecessor-version":[{"id":7167,"href":"https:\/\/emelyilmaz.av.tr\/tr\/wp-json\/wp\/v2\/pages\/7165\/revisions\/7167"}],"up":[{"embeddable":true,"href":"https:\/\/emelyilmaz.av.tr\/tr\/wp-json\/wp\/v2\/pages\/7121"}],"wp:attachment":[{"href":"https:\/\/emelyilmaz.av.tr\/tr\/wp-json\/wp\/v2\/media?parent=7165"}],"curies":[{"name":"wp","href":"https:\/\/api.w.org\/{rel}","templated":true}]}}