{"id":7123,"date":"2020-12-08T19:42:46","date_gmt":"2020-12-08T19:42:46","guid":{"rendered":"https:\/\/emelyilmaz.av.tr\/tr\/?page_id=7123"},"modified":"2021-01-10T17:09:11","modified_gmt":"2021-01-10T17:09:11","slug":"kariyer","status":"publish","type":"page","link":"https:\/\/emelyilmaz.av.tr\/tr\/kariyer\/","title":{"rendered":"Kariyer"},"content":{"rendered":"<p>[vc_row][vc_column width=&#8221;2\/3&#8243;][vc_column_text]Hukuk b\u00fcromuzun bir par\u00e7as\u0131 olmak isteyen meslekta\u015flar\u0131m\u0131z \u00f6zge\u00e7mi\u015flerini<br \/>\n<a href=\"mailto:info@emelyilmaz.av.tr\"><strong>info@emelyilmaz.av.tr<\/strong><\/a>\u00a0adresine g\u00f6nderebilirler.<\/p>\n<p>EY Hukuk B\u00fcrosu\u2019na yapt\u0131\u011f\u0131n\u0131z i\u015f ba\u015fvurular\u0131n\u0131z kapsam\u0131nda, \u00f6zge\u00e7mi\u015flerinizi de\u011ferlendirmek amac\u0131yla taraf\u0131m\u0131za iletti\u011finiz ki\u015fisel verileriniz 6698 say\u0131l\u0131 Ki\u015fisel Verilerin Korunmas\u0131 Kanunu ile di\u011fer sair mevzuatlar\u0131n izin verdi\u011fi \u00f6l\u00e7\u00fcde i\u015f ili\u015fkinizin kurulmas\u0131 amac\u0131yla i\u015flenebilecektir.<\/p>\n<p>\u0130\u015f ba\u015fvurunuz olumsuz sonu\u00e7land\u0131\u011f\u0131 takdirde, bilgilerinizi Kanun\u2019a uygun olarak makul bir s\u00fcre boyunca saklay\u0131p devam\u0131nda imha edece\u011fiz. \u0130lerleyen d\u00f6nemde sizin i\u00e7in uygun olabilece\u011fini d\u00fc\u015f\u00fcnd\u00fc\u011f\u00fcm\u00fcz a\u00e7\u0131k pozisyonlar olmas\u0131 durumunda sizinle tekrar irtibata ge\u00e7ebiliriz.[\/vc_column_text][\/vc_column][vc_column width=&#8221;1\/3&#8243;][vc_single_image image=&#8221;7349&#8243; img_size=&#8221;medium&#8221; alignment=&#8221;center&#8221; style=&#8221;vc_box_rounded&#8221;][\/vc_column][\/vc_row]<\/p>\n","protected":false},"excerpt":{"rendered":"<p>[vc_row][vc_column width=&#8221;2\/3&#8243;][vc_column_text]Hukuk b\u00fcromuzun bir par\u00e7as\u0131 olmak isteyen meslekta\u015flar\u0131m\u0131z \u00f6zge\u00e7mi\u015flerini info@emelyilmaz.av.tr\u00a0adresine g\u00f6nderebilirler. EY Hukuk B\u00fcrosu\u2019na yapt\u0131\u011f\u0131n\u0131z i\u015f ba\u015fvurular\u0131n\u0131z kapsam\u0131nda, \u00f6zge\u00e7mi\u015flerinizi de\u011ferlendirmek amac\u0131yla taraf\u0131m\u0131za iletti\u011finiz ki\u015fisel verileriniz 6698 say\u0131l\u0131 Ki\u015fisel Verilerin Korunmas\u0131 Kanunu ile di\u011fer sair mevzuatlar\u0131n izin verdi\u011fi \u00f6l\u00e7\u00fcde i\u015f ili\u015fkinizin kurulmas\u0131 amac\u0131yla i\u015flenebilecektir. \u0130\u015f ba\u015fvurunuz olumsuz sonu\u00e7land\u0131\u011f\u0131 takdirde, bilgilerinizi Kanun\u2019a uygun olarak makul bir s\u00fcre<\/p>\n","protected":false},"author":1,"featured_media":0,"parent":0,"menu_order":0,"comment_status":"closed","ping_status":"closed","template":"","meta":[],"_links":{"self":[{"href":"https:\/\/emelyilmaz.av.tr\/tr\/wp-json\/wp\/v2\/pages\/7123"}],"collection":[{"href":"https:\/\/emelyilmaz.av.tr\/tr\/wp-json\/wp\/v2\/pages"}],"about":[{"href":"https:\/\/emelyilmaz.av.tr\/tr\/wp-json\/wp\/v2\/types\/page"}],"author":[{"embeddable":true,"href":"https:\/\/emelyilmaz.av.tr\/tr\/wp-json\/wp\/v2\/users\/1"}],"replies":[{"embeddable":true,"href":"https:\/\/emelyilmaz.av.tr\/tr\/wp-json\/wp\/v2\/comments?post=7123"}],"version-history":[{"count":4,"href":"https:\/\/emelyilmaz.av.tr\/tr\/wp-json\/wp\/v2\/pages\/7123\/revisions"}],"predecessor-version":[{"id":7350,"href":"https:\/\/emelyilmaz.av.tr\/tr\/wp-json\/wp\/v2\/pages\/7123\/revisions\/7350"}],"wp:attachment":[{"href":"https:\/\/emelyilmaz.av.tr\/tr\/wp-json\/wp\/v2\/media?parent=7123"}],"curies":[{"name":"wp","href":"https:\/\/api.w.org\/{rel}","templated":true}]}}