{"id":7121,"date":"2020-12-08T19:42:18","date_gmt":"2020-12-08T19:42:18","guid":{"rendered":"https:\/\/emelyilmaz.av.tr\/tr\/?page_id=7121"},"modified":"2020-12-11T10:50:19","modified_gmt":"2020-12-11T10:50:19","slug":"faaliyet-alanlarimiz","status":"publish","type":"page","link":"https:\/\/emelyilmaz.av.tr\/tr\/faaliyet-alanlarimiz\/","title":{"rendered":"Faaliyet Alanlar\u0131m\u0131z"},"content":{"rendered":"<p>[vc_row css=&#8221;.vc_custom_1607682025855{padding-bottom: 49px !important;}&#8221;][vc_column][vc_custom_heading text=&#8221;Faaliyet Alanlar\u0131m\u0131z&#8221; font_container=&#8221;tag:h2|font_size:36px|text_align:center|line_height:38px&#8221; use_theme_fonts=&#8221;yes&#8221; css=&#8221;.vc_custom_1607427774750{margin-bottom: 51px !important;}&#8221; el_class=&#8221;stm_secondary_color&#8221;][vc_row_inner][vc_column_inner width=&#8221;1\/3&#8243;][stm_icon_box title_color=&#8221;secondary&#8221; hide_title_line=&#8221;hide_title_line&#8221; add_link=&#8221;enable&#8221; icon=&#8221;far fa-building&#8221; style=&#8221;icon_top_transparent&#8221; icon_size=&#8221;54&#8243; icon_color=&#8221;secondary&#8221; icon_height=&#8221;75&#8243; title_font_size=&#8221;18&#8243; title_line_height=&#8221;24&#8243; title=&#8221;Ticaret ve \u015eirketler Hukuku&#8221; link=&#8221;url:https%3A%2F%2Femelyilmaz.av.tr%2Ftr%2Ffaaliyet-alanlarimiz%2Fticaret-ve-sirketler-hukuku%2F|title:Ticaret%20ve%20%C5%9Eirketler%20Hukuku|target:_blank&#8221;]Ekibimiz Ticaret Hukuku alan\u0131nda T\u00fcrkiye\u2019nin \u00f6nde gelen \u015firketlerine hukuki dan\u0131\u015fmanl\u0131k, dava ve icra takibi hizmetleri vermektedir.[\/stm_icon_box][\/vc_column_inner][vc_column_inner width=&#8221;1\/3&#8243;][stm_icon_box title_color=&#8221;secondary&#8221; hide_title_line=&#8221;hide_title_line&#8221; add_link=&#8221;enable&#8221; icon=&#8221;far fa-handshake&#8221; style=&#8221;icon_top_transparent&#8221; icon_size=&#8221;54&#8243; icon_color=&#8221;secondary&#8221; icon_height=&#8221;75&#8243; title_font_size=&#8221;18&#8243; title_line_height=&#8221;24&#8243; title=&#8221;Birle\u015fme &amp; Devralma&#8221; link=&#8221;url:https%3A%2F%2Femelyilmaz.av.tr%2Ftr%2Ffaaliyet-alanlarimiz%2Fbirlesme-devralma%2F|title:Birle%C5%9Fme%20%26%20Devralma|target:_blank&#8221;]Ekibimiz m\u00fcvekkillerine turizm, sa\u011fl\u0131k, perakende sat\u0131\u015f, enerji, otomotiv, g\u0131da, in\u015faat, teknoloji gibi farkl\u0131 bir\u00e7ok sekt\u00f6rde ulusal ve uluslararas\u0131 kapsamda destek vermektedir.[\/stm_icon_box][\/vc_column_inner][vc_column_inner width=&#8221;1\/3&#8243;][stm_icon_box title_color=&#8221;secondary&#8221; hide_title_line=&#8221;hide_title_line&#8221; add_link=&#8221;enable&#8221; icon=&#8221;fas fa-gavel&#8221; style=&#8221;icon_top_transparent&#8221; icon_size=&#8221;54&#8243; icon_color=&#8221;secondary&#8221; icon_height=&#8221;75&#8243; title_font_size=&#8221;18&#8243; title_line_height=&#8221;24&#8243; title=&#8221;\u0130\u015f ve Sosyal G\u00fcvenlik Hukuku&#8221; link=&#8221;url:https%3A%2F%2Femelyilmaz.av.tr%2Ftr%2Ffaaliyet-alanlarimiz%2Fis-ve-sosyal-guvenlik-hukuku%2F|title:%C4%B0%C5%9F%20ve%20Sosyal%20G%C3%BCvenlik%20Hukuku|target:_blank&#8221;]Bireysel ve toplu i\u015f hukuku, i\u015f sa\u011fl\u0131\u011f\u0131 ve g\u00fcvenli\u011fi hukuku, sosyal g\u00fcvenlik hukuku alanlar\u0131nda uzman ekibimiz bir\u00e7ok yerli ve yabanc\u0131 sermayeli \u015firkete i\u015f hukukuna ili\u015fkin&#8230;[\/stm_icon_box][\/vc_column_inner][\/vc_row_inner][vc_row_inner][vc_column_inner width=&#8221;1\/3&#8243;][stm_icon_box title_color=&#8221;secondary&#8221; hide_title_line=&#8221;hide_title_line&#8221; add_link=&#8221;enable&#8221; icon=&#8221;far fa-address-card&#8221; style=&#8221;icon_top_transparent&#8221; icon_size=&#8221;54&#8243; icon_color=&#8221;secondary&#8221; icon_height=&#8221;75&#8243; title_font_size=&#8221;18&#8243; title_line_height=&#8221;24&#8243; title=&#8221;Miras Hukuku&#8221; link=&#8221;url:https%3A%2F%2Femelyilmaz.av.tr%2Ftr%2Ffaaliyet-alanlarimiz%2Fmiras-hukuku%2F|title:Miras%20Hukuku|target:_blank&#8221;]Ekibimiz, veraset ilamlar\u0131n\u0131n \u00e7\u0131kart\u0131lmas\u0131, mirastan mal ka\u00e7\u0131rma, sakl\u0131 pay, muvazaal\u0131 miras\u0131n iptali, murislere kalan miras\u0131n ara\u015ft\u0131r\u0131l\u0131p\/kontrol edilmesi&#8230;[\/stm_icon_box][\/vc_column_inner][vc_column_inner width=&#8221;1\/3&#8243;][stm_icon_box title_color=&#8221;secondary&#8221; hide_title_line=&#8221;hide_title_line&#8221; add_link=&#8221;enable&#8221; icon=&#8221;fas fa-snowboarding&#8221; style=&#8221;icon_top_transparent&#8221; icon_size=&#8221;54&#8243; icon_color=&#8221;secondary&#8221; icon_height=&#8221;75&#8243; title_font_size=&#8221;18&#8243; title_line_height=&#8221;24&#8243; title=&#8221;Turizm Hukuku&#8221; link=&#8221;url:https%3A%2F%2Femelyilmaz.av.tr%2Ftr%2Ffaaliyet-alanlarimiz%2Fturizm-hukuku%2F|title:Turizm%20Hukuku|target:_blank&#8221;]Ekibimiz, turizm \u015firketlerinin, t\u00fcm \u00e7al\u0131\u015fan ve \u00fc\u00e7\u00fcnc\u00fc ki\u015filerle ilgili i\u015flerini takip etmekle birlikte b\u00fcy\u00fck \u00e7apl\u0131 kiralama, konaklama, sat\u0131n alma vb. kapsamlarda s\u00f6zle\u015fmelerini yaparak&#8230;[\/stm_icon_box][\/vc_column_inner][vc_column_inner width=&#8221;1\/3&#8243;][stm_icon_box title_color=&#8221;secondary&#8221; hide_title_line=&#8221;hide_title_line&#8221; add_link=&#8221;enable&#8221; icon=&#8221;fas fa-copyright&#8221; style=&#8221;icon_top_transparent&#8221; icon_size=&#8221;54&#8243; icon_color=&#8221;secondary&#8221; icon_height=&#8221;75&#8243; title_font_size=&#8221;18&#8243; title_line_height=&#8221;24&#8243; title=&#8221;Fikri M\u00fclkiyet Hukuku&#8221; link=&#8221;url:https%3A%2F%2Femelyilmaz.av.tr%2Ftr%2Ffaaliyet-alanlarimiz%2Ffikri-mulkiyet-hukuku%2F|title:Fikri%20M%C3%BClkiyet%20Hukuku|target:_blank&#8221;]Ekibimiz marka, telif haklar\u0131, lisans s\u00f6zle\u015fmeleri, patent haklar\u0131, ticari s\u0131rlar\u0131n korunmas\u0131 ve haks\u0131z rekabet gibi fikri ve s\u0131nai m\u00fclkiyet hukukunun her alan\u0131nda hem dan\u0131\u015fmanl\u0131k hem de dava takibi hizmeti vermektedir.[\/stm_icon_box][\/vc_column_inner][\/vc_row_inner][vc_row_inner][vc_column_inner width=&#8221;1\/3&#8243;][stm_icon_box title_color=&#8221;secondary&#8221; hide_title_line=&#8221;hide_title_line&#8221; add_link=&#8221;enable&#8221; icon=&#8221;fas fa-book-medical&#8221; style=&#8221;icon_top_transparent&#8221; icon_size=&#8221;54&#8243; icon_color=&#8221;secondary&#8221; icon_height=&#8221;75&#8243; title_font_size=&#8221;18&#8243; title_line_height=&#8221;24&#8243; title=&#8221;Sa\u011fl\u0131k Hukuku&#8221; link=&#8221;url:https%3A%2F%2Femelyilmaz.av.tr%2Ftr%2Ffaaliyet-alanlarimiz%2Fsaglik-hukuku%2F|title:Sa%C4%9Fl%C4%B1k%20Hukuku|target:_blank&#8221;]Ekibimiz, di\u015f hastaneleri, ila\u00e7 \u015firketleri ve sa\u011fl\u0131k malzemesi ithalat ve pazarlamas\u0131 ile u\u011fra\u015fan \u015firketlerin fason \u00fcretimleri, \u00fcretim alanlar\u0131n\u0131n mevzuata uygunlu\u011fu, pilot\/jenerik \u00fcr\u00fcn\/ fason \u00fcr\u00fcn\/ila\u00e7lar\u0131n \u00fcretim a\u015famalar\u0131na ili\u015fkin s\u00f6zle\u015fmelerin haz\u0131rlanmas\u0131&#8230;[\/stm_icon_box][\/vc_column_inner][vc_column_inner width=&#8221;1\/3&#8243;][stm_icon_box title_color=&#8221;secondary&#8221; hide_title_line=&#8221;hide_title_line&#8221; add_link=&#8221;enable&#8221; icon=&#8221;fas fa-hard-hat&#8221; style=&#8221;icon_top_transparent&#8221; icon_size=&#8221;54&#8243; icon_color=&#8221;secondary&#8221; icon_height=&#8221;75&#8243; title_font_size=&#8221;18&#8243; title_line_height=&#8221;24&#8243; title=&#8221;\u0130n\u015faat ve Gayrimenkul Hukuku&#8221; link=&#8221;url:https%3A%2F%2Femelyilmaz.av.tr%2Ftr%2Ffaaliyet-alanlarimiz%2Finsaat-ve-gayrimenkul-hukuku%2F|title:%C4%B0n%C5%9Faat%20ve%20Gayrimenkul%20Hukuku|target:_blank&#8221;]\u0130n\u015faat sekt\u00f6r\u00fcndeki yat\u0131r\u0131mc\u0131, m\u00fcteahhit ya da ta\u015feron \u015firketlere her t\u00fcr in\u015faat, sat\u0131n alma, ta\u015feronluk, idareye kar\u015f\u0131 sorumluluk i\u00e7eren s\u00f6zle\u015fmelerin incelenmesi, ihalelere ili\u015fkin s\u00f6zle\u015fmelerin d\u00fczenlenmesi, konut yap\u0131m\u0131na y\u00f6nelik s\u00f6zle\u015fmelerin haz\u0131rlanmas\u0131, gayrimenkul al\u0131m\/sat\u0131m\/devir i\u015flemleri&#8230;[\/stm_icon_box][\/vc_column_inner][vc_column_inner width=&#8221;1\/3&#8243;][stm_icon_box title_color=&#8221;secondary&#8221; hide_title_line=&#8221;hide_title_line&#8221; add_link=&#8221;enable&#8221; icon=&#8221;fas fa-chess-knight&#8221; style=&#8221;icon_top_transparent&#8221; icon_size=&#8221;54&#8243; icon_color=&#8221;secondary&#8221; icon_height=&#8221;75&#8243; title_font_size=&#8221;18&#8243; title_line_height=&#8221;24&#8243; title=&#8221;Rekabet Hukuku&#8221; link=&#8221;url:https%3A%2F%2Femelyilmaz.av.tr%2Ftr%2Ffaaliyet-alanlarimiz%2Ffikri-mulkiyet-hukuku%2F|title:Fikri%20M%C3%BClkiyet%20Hukuku|target:_blank&#8221;]Farkl\u0131 sekt\u00f6rlerde ortaya \u00e7\u0131kabilecek her t\u00fcrl\u00fc rekabet hukuku konular\u0131nda dan\u0131\u015fmanl\u0131k, dava ve uyum\u00a0s\u00fcre\u00e7lerinin y\u00fcr\u00fct\u00fclmesi, sorunlara pratik\/riski minimize edebilecek \u00e7\u00f6z\u00fcmler \u00fcretilmesi hususlar\u0131nda m\u00fcvekkillerimize hizmet vermekteyiz.[\/stm_icon_box][\/vc_column_inner][\/vc_row_inner][vc_row_inner][vc_column_inner width=&#8221;1\/3&#8243;][stm_icon_box title_color=&#8221;secondary&#8221; hide_title_line=&#8221;hide_title_line&#8221; add_link=&#8221;enable&#8221; icon=&#8221;fas fa-gavel&#8221; style=&#8221;icon_top_transparent&#8221; icon_size=&#8221;54&#8243; icon_color=&#8221;secondary&#8221; icon_height=&#8221;75&#8243; title_font_size=&#8221;18&#8243; title_line_height=&#8221;24&#8243; title=&#8221;\u0130cra ve \u0130flas Hukuku&#8221; link=&#8221;url:https%3A%2F%2Femelyilmaz.av.tr%2Ftr%2Ffaaliyet-alanlarimiz%2Ficra-ve-iflas-hukuku%2F|title:%C4%B0cra%20ve%20%C4%B0flas%20Hukuku|target:_blank&#8221;]Ekibimiz ilaml\u0131 ve\/veya ilams\u0131z icra takiplerine ili\u015fkin her t\u00fcrl\u00fc s\u00fcre\u00e7 takibini yaparak m\u00fcvekkillerine en faydal\u0131 hizmeti vermektedir.[\/stm_icon_box][\/vc_column_inner][vc_column_inner width=&#8221;1\/3&#8243;][stm_icon_box title_color=&#8221;secondary&#8221; hide_title_line=&#8221;hide_title_line&#8221; add_link=&#8221;enable&#8221; icon=&#8221;fas fa-money-check-alt&#8221; style=&#8221;icon_top_transparent&#8221; icon_size=&#8221;54&#8243; icon_color=&#8221;secondary&#8221; icon_height=&#8221;75&#8243; title_font_size=&#8221;18&#8243; title_line_height=&#8221;24&#8243; title=&#8221;D\u0131\u015f Ticaret Hukuku&#8221; link=&#8221;url:https%3A%2F%2Femelyilmaz.av.tr%2Ftr%2Ffaaliyet-alanlarimiz%2Fdis-ticaret-hukuku%2F|title:D%C4%B1%C5%9F%20Ticaret%20Hukuku|target:_blank&#8221;]Ticaret Hukukunun \u00f6nemli bir b\u00f6l\u00fcm\u00fc olan D\u0131\u015f Ticaret alan\u0131nda bankac\u0131l\u0131k ve finans konusundaki derin tecr\u00fcbelerimizden faydalanarak bir\u00e7ok sekt\u00f6re, bir\u00e7ok konuda hizmet sunmaktay\u0131z.[\/stm_icon_box][\/vc_column_inner][vc_column_inner width=&#8221;1\/3&#8243;][stm_icon_box title_color=&#8221;secondary&#8221; hide_title_line=&#8221;hide_title_line&#8221; add_link=&#8221;enable&#8221; icon=&#8221;fas fa-money-check&#8221; style=&#8221;icon_top_transparent&#8221; icon_size=&#8221;54&#8243; icon_color=&#8221;secondary&#8221; icon_height=&#8221;75&#8243; title_font_size=&#8221;18&#8243; title_line_height=&#8221;24&#8243; title=&#8221;Yurt D\u0131\u015f\u0131 Fonlama ve Hazine \u0130\u015flemleri&#8221; link=&#8221;url:https%3A%2F%2Femelyilmaz.av.tr%2Ftr%2Ffaaliyet-alanlarimiz%2Fyurt-disi-fonlama-ve-hazine-islemleri%2F|title:Yurt%20D%C4%B1%C5%9F%C4%B1%20Fonlama%20ve%20Hazine%20%C4%B0%C5%9Flemleri|target:_blank&#8221;]Kurucular\u0131m\u0131z\u0131n uzun y\u0131llara dayanan bankac\u0131l\u0131k ve finans tecr\u00fcbeleri ve uzman ekibimiz ile yurt d\u0131\u015f\u0131 fonlama (sendikasyon, sek\u00fcritizasyon, DPR vs) ve muhabirlik i\u015flemleri, tahvil ihra\u00e7lar\u0131, hazine ve t\u00fcrev \u00fcr\u00fcn ara\u00e7lar\u0131 ve s\u00f6zle\u015fmeleri konusunda hizmet vermekteyiz.[\/stm_icon_box][\/vc_column_inner][\/vc_row_inner][vc_row_inner][vc_column_inner width=&#8221;1\/3&#8243;][stm_icon_box title_color=&#8221;secondary&#8221; hide_title_line=&#8221;hide_title_line&#8221; add_link=&#8221;enable&#8221; icon=&#8221;fas fa-project-diagram&#8221; style=&#8221;icon_top_transparent&#8221; icon_size=&#8221;54&#8243; icon_color=&#8221;secondary&#8221; icon_height=&#8221;75&#8243; title_font_size=&#8221;18&#8243; title_line_height=&#8221;24&#8243; title=&#8221;Proje Finansman\u0131 ve Sendikasyon&#8221; link=&#8221;url:https%3A%2F%2Femelyilmaz.av.tr%2Ftr%2Ffaaliyet-alanlarimiz%2Fproje-finansmani-ve-sendikasyon%2F|title:Proje%20Finansman%C4%B1%20ve%20Sendikasyon|target:_blank&#8221;]Ba\u015fta \u015firket ve varl\u0131k sat\u0131n al\u0131m i\u015flemlerinin finansman\u0131 olmak \u00fczere, enerji, in\u015faat ve altyap\u0131, turizm, sa\u011fl\u0131k, \u00f6zelle\u015ftirme gibi alanlarda projelerin nakdi veya gayri nakdi finansman ihtiya\u00e7lar\u0131nda kredi s\u00f6zle\u015fmeleri ve teminat dok\u00fcmantasyon s\u00fcre\u00e7lerinin y\u00f6netilmesi[\/stm_icon_box][\/vc_column_inner][vc_column_inner width=&#8221;1\/3&#8243;][stm_icon_box title_color=&#8221;secondary&#8221; hide_title_line=&#8221;hide_title_line&#8221; add_link=&#8221;enable&#8221; icon=&#8221;fas fa-university&#8221; style=&#8221;icon_top_transparent&#8221; icon_size=&#8221;54&#8243; icon_color=&#8221;secondary&#8221; icon_height=&#8221;75&#8243; title_font_size=&#8221;18&#8243; title_line_height=&#8221;24&#8243; title=&#8221;Bankac\u0131l\u0131k ve Finans Hukuku&#8221; link=&#8221;url:https%3A%2F%2Femelyilmaz.av.tr%2Ftr%2Ffaaliyet-alanlarimiz%2Fbankacilik-ve-finans-hukuku%2F|title:Bankac%C4%B1l%C4%B1k%20ve%20Finans%20Hukuku|target:_blank&#8221;]Kurucusunun uzun y\u0131llara dayal\u0131 bankac\u0131l\u0131k ve finans hukuku tecr\u00fcbesiyle hali haz\u0131rda sekt\u00f6rde lider finans kurumlar\u0131na dan\u0131\u015fmanl\u0131k ve davalar konusunda hizmet vermekteyiz.[\/stm_icon_box][\/vc_column_inner][vc_column_inner width=&#8221;1\/3&#8243;][stm_icon_box title_color=&#8221;secondary&#8221; hide_title_line=&#8221;hide_title_line&#8221; add_link=&#8221;enable&#8221; icon=&#8221;fas fa-server&#8221; style=&#8221;icon_top_transparent&#8221; icon_size=&#8221;54&#8243; icon_color=&#8221;secondary&#8221; icon_height=&#8221;75&#8243; title_font_size=&#8221;18&#8243; title_line_height=&#8221;24&#8243; title=&#8221;Ki\u015fisel Verilerin Korunmas\u0131 Hukuku&#8221; link=&#8221;url:https%3A%2F%2Femelyilmaz.av.tr%2Ftr%2Ffaaliyet-alanlarimiz%2Fkisisel-verilerin-korunmasi-hukuku%2F|title:Ki%C5%9Fisel%20Verilerin%20Korunmas%C4%B1%20Hukuku|target:_blank&#8221;]2016 y\u0131l\u0131nda y\u00fcr\u00fcrl\u00fc\u011fe giren 6698 Say\u0131l\u0131 \u201cKi\u015fisel Verilerin Korunmas\u0131 Kanunu ayr\u0131ca 2018 y\u0131l\u0131nda y\u00fcr\u00fcrl\u00fc\u011fe giren ve Avrupa Birli\u011fi Genel Veri Koruma T\u00fcz\u00fc\u011f\u00fc olan GDPR kapsam\u0131nda \u015firketlerin veri envanterlerinin olu\u015fturulmas\u0131, risk analizi yap\u0131lmas\u0131&#8230;[\/stm_icon_box][\/vc_column_inner][\/vc_row_inner][vc_row_inner][vc_column_inner width=&#8221;1\/2&#8243;][stm_icon_box title_color=&#8221;secondary&#8221; hide_title_line=&#8221;hide_title_line&#8221; add_link=&#8221;enable&#8221; icon=&#8221;stm-davos_tech&#8221; style=&#8221;icon_top_transparent&#8221; icon_size=&#8221;54&#8243; icon_color=&#8221;secondary&#8221; icon_height=&#8221;75&#8243; title_font_size=&#8221;18&#8243; title_line_height=&#8221;24&#8243; title=&#8221;Bili\u015fim ve Teknoloji Hukuku&#8221; link=&#8221;url:https%3A%2F%2Femelyilmaz.av.tr%2Ftr%2Ffaaliyet-alanlarimiz%2Fbilisim-ve-teknoloji-hukuku%2F|title:Bili%C5%9Fim%20ve%20Teknoloji%20Hukuku|target:_blank&#8221;]E-ticaret, CRM, sadakat programlar\u0131, telekom\u00fcnikasyon, medya, \u00f6deme hizmetleri, ki\u015fisel verilerin korunmas\u0131 ve bilgi g\u00fcvenli\u011fi gibi alanlarda&#8230;[\/stm_icon_box][\/vc_column_inner][vc_column_inner width=&#8221;1\/2&#8243;][stm_icon_box title_color=&#8221;secondary&#8221; hide_title_line=&#8221;hide_title_line&#8221; add_link=&#8221;enable&#8221; icon=&#8221;fas fa-user-friends&#8221; style=&#8221;icon_top_transparent&#8221; icon_size=&#8221;54&#8243; icon_color=&#8221;secondary&#8221; icon_height=&#8221;75&#8243; title_font_size=&#8221;18&#8243; title_line_height=&#8221;24&#8243; title=&#8221;Yabanc\u0131lar Hukuku ve Yat\u0131r\u0131m Dan\u0131\u015fmanl\u0131\u011f\u0131&#8221; link=&#8221;url:https%3A%2F%2Femelyilmaz.av.tr%2Ftr%2Ffaaliyet-alanlarimiz%2Fyabancilar-hukuku-ve-yatirim-danismanligi%2F|title:Yabanc%C4%B1lar%20Hukuku%20ve%20Yat%C4%B1r%C4%B1m%20Dan%C4%B1%C5%9Fmanl%C4%B1%C4%9F%C4%B1|target:_blank&#8221;]EY Hukuk B\u00fcrosu, T\u00fcrkiye\u2019de yat\u0131r\u0131m yapmak, ya\u015famak, \u00e7al\u0131\u015fmak isteyen yabanc\u0131 m\u00fcvekkillere hukuki ve finansal a\u00e7\u0131dan dan\u0131\u015fmanl\u0131k hizmeti verilmekte olup bu kapsamda sekt\u00f6rdeki b\u00fcy\u00fck yabanc\u0131 ortakl\u0131 \u00f6zel bir bankan\u0131n yabanc\u0131 m\u00fc\u015fterilerini y\u00f6nlendirdi\u011fi tek ofistir.[\/stm_icon_box][\/vc_column_inner][\/vc_row_inner][\/vc_column][\/vc_row][vc_row full_width=&#8221;stretch_row&#8221; css=&#8221;.vc_custom_1469448801615{margin-bottom: -60px !important;padding-top: 65px !important;padding-bottom: 63px !important;background-color: #f2f2f2 !important;}&#8221; el_id=&#8221;request-call-back&#8221;][vc_column][vc_custom_heading text=&#8221;\u0130leti\u015fim Bilgileri&#8221; font_container=&#8221;tag:h2|font_size:36px|text_align:center|line_height:38px&#8221; use_theme_fonts=&#8221;yes&#8221; css=&#8221;.vc_custom_1607428782972{margin-bottom: 30px !important;}&#8221; el_class=&#8221;stm_secondary_color&#8221;][vc_row_inner][vc_column_inner el_class=&#8221;stm_col_pad-right&#8221; width=&#8221;1\/2&#8243;][vc_column_text el_class=&#8221;stm_text_pad-left&#8221;]Bizlerle g\u00f6r\u00fc\u015fmek istedi\u011finiz bir konu mu var? Bize a\u015fa\u011f\u0131da yer alan ileti\u015fim bilgileri ile her zaman ula\u015fabilir veya Pazartesi &#8211; Cuma g\u00fcnleri 09.00 &#8211; 18.00 saatleri aras\u0131nda ofisimizi ziyaret edebilirsiniz.[\/vc_column_text][stm_contacts_widget style=&#8221;style_2&#8243; phone=&#8221;+90 (212) 351 59 60&#8243; email=&#8221;info@emelyilmaz.av.tr&#8221;][\/vc_column_inner][vc_column_inner width=&#8221;1\/2&#8243;][vc_gmaps link=&#8221;#E-8_JTNDaWZyYW1lJTIwc3JjJTNEJTIyaHR0cHMlM0ElMkYlMkZ3d3cuZ29vZ2xlLmNvbSUyRm1hcHMlMkZlbWJlZCUzRnBiJTNEJTIxMW0xOCUyMTFtMTIlMjExbTMlMjExZDMwMDcuNTgyMzMzOTA5NTc4NyUyMTJkMjkuMDI1MzkwODE1NDE2MTYlMjEzZDQxLjA3ODEyMTQ3OTI5MzcwNiUyMTJtMyUyMTFmMCUyMTJmMCUyMTNmMCUyMTNtMiUyMTFpMTAyNCUyMTJpNzY4JTIxNGYxMy4xJTIxM20zJTIxMW0yJTIxMXMweDAlMjUzQTB4MTE4YmU4MTA5MDU4ODI0ZCUyMTJzRW1lbCUyNTIwWSUyNUM0JTI1QjFsbWF6JTI1MjBMYXclMjUyME9mZmljZSUyMTVlMCUyMTNtMiUyMTFzdHIlMjEyc3RyJTIxNHYxNjA1NDU4NzUwMTUxJTIxNW0yJTIxMXN0ciUyMTJzdHIlMjIlMjB3aWR0aCUzRCUyMjYwMCUyMiUyMGhlaWdodCUzRCUyMjMwMCUyMiUyMGZyYW1lYm9yZGVyJTNEJTIyMCUyMiUyMHN0eWxlJTNEJTIyYm9yZGVyJTNBMCUzQiUyMiUyMGFsbG93ZnVsbHNjcmVlbiUzRCUyMiUyMiUyMGFyaWEtaGlkZGVuJTNEJTIyZmFsc2UlMjIlMjB0YWJpbmRleCUzRCUyMjAlMjIlM0UlM0MlMkZpZnJhbWUlM0U=&#8221; size=&#8221;small&#8221;][\/vc_column_inner][\/vc_row_inner][\/vc_column][\/vc_row]<\/p>\n","protected":false},"excerpt":{"rendered":"<p>[vc_row css=&#8221;.vc_custom_1607682025855{padding-bottom: 49px !important;}&#8221;][vc_column][vc_custom_heading text=&#8221;Faaliyet Alanlar\u0131m\u0131z&#8221; font_container=&#8221;tag:h2|font_size:36px|text_align:center|line_height:38px&#8221; use_theme_fonts=&#8221;yes&#8221; css=&#8221;.vc_custom_1607427774750{margin-bottom: 51px !important;}&#8221; el_class=&#8221;stm_secondary_color&#8221;][vc_row_inner][vc_column_inner width=&#8221;1\/3&#8243;][stm_icon_box title_color=&#8221;secondary&#8221; hide_title_line=&#8221;hide_title_line&#8221; add_link=&#8221;enable&#8221; icon=&#8221;far fa-building&#8221; style=&#8221;icon_top_transparent&#8221; icon_size=&#8221;54&#8243; icon_color=&#8221;secondary&#8221; icon_height=&#8221;75&#8243; title_font_size=&#8221;18&#8243; title_line_height=&#8221;24&#8243; title=&#8221;Ticaret ve \u015eirketler Hukuku&#8221; link=&#8221;url:https%3A%2F%2Femelyilmaz.av.tr%2Ftr%2Ffaaliyet-alanlarimiz%2Fticaret-ve-sirketler-hukuku%2F|title:Ticaret%20ve%20%C5%9Eirketler%20Hukuku|target:_blank&#8221;]Ekibimiz Ticaret Hukuku alan\u0131nda T\u00fcrkiye\u2019nin \u00f6nde gelen \u015firketlerine hukuki dan\u0131\u015fmanl\u0131k, dava ve icra takibi hizmetleri vermektedir.[\/stm_icon_box][\/vc_column_inner][vc_column_inner width=&#8221;1\/3&#8243;][stm_icon_box title_color=&#8221;secondary&#8221; hide_title_line=&#8221;hide_title_line&#8221; add_link=&#8221;enable&#8221; icon=&#8221;far fa-handshake&#8221; style=&#8221;icon_top_transparent&#8221; icon_size=&#8221;54&#8243; icon_color=&#8221;secondary&#8221; icon_height=&#8221;75&#8243; title_font_size=&#8221;18&#8243;<\/p>\n","protected":false},"author":1,"featured_media":0,"parent":0,"menu_order":0,"comment_status":"closed","ping_status":"closed","template":"","meta":[],"_links":{"self":[{"href":"https:\/\/emelyilmaz.av.tr\/tr\/wp-json\/wp\/v2\/pages\/7121"}],"collection":[{"href":"https:\/\/emelyilmaz.av.tr\/tr\/wp-json\/wp\/v2\/pages"}],"about":[{"href":"https:\/\/emelyilmaz.av.tr\/tr\/wp-json\/wp\/v2\/types\/page"}],"author":[{"embeddable":true,"href":"https:\/\/emelyilmaz.av.tr\/tr\/wp-json\/wp\/v2\/users\/1"}],"replies":[{"embeddable":true,"href":"https:\/\/emelyilmaz.av.tr\/tr\/wp-json\/wp\/v2\/comments?post=7121"}],"version-history":[{"count":14,"href":"https:\/\/emelyilmaz.av.tr\/tr\/wp-json\/wp\/v2\/pages\/7121\/revisions"}],"predecessor-version":[{"id":7210,"href":"https:\/\/emelyilmaz.av.tr\/tr\/wp-json\/wp\/v2\/pages\/7121\/revisions\/7210"}],"wp:attachment":[{"href":"https:\/\/emelyilmaz.av.tr\/tr\/wp-json\/wp\/v2\/media?parent=7121"}],"curies":[{"name":"wp","href":"https:\/\/api.w.org\/{rel}","templated":true}]}}