{"id":7068,"date":"2020-12-08T19:37:38","date_gmt":"2020-12-08T19:37:38","guid":{"rendered":"https:\/\/emelyilmaz.av.tr\/tr\/?page_id=7068"},"modified":"2023-01-24T19:11:00","modified_gmt":"2023-01-24T19:11:00","slug":"ekibimiz","status":"publish","type":"page","link":"https:\/\/emelyilmaz.av.tr\/tr\/ekibimiz\/","title":{"rendered":"Ekibimiz"},"content":{"rendered":"<p>[vc_row][vc_column][vc_custom_heading source=&#8221;post_title&#8221; use_theme_fonts=&#8221;yes&#8221;][\/vc_column][\/vc_row][vc_row][vc_column width=&#8221;1\/2&#8243;][vc_single_image image=&#8221;7140&#8243; img_size=&#8221;medium&#8221; alignment=&#8221;center&#8221; style=&#8221;vc_box_rounded&#8221; onclick=&#8221;custom_link&#8221; link=&#8221;https:\/\/emelyilmaz.av.tr\/tr\/a\/emel-yilmaz-ozbay\/&#8221;][vc_custom_heading text=&#8221;Emel Y\u0131lmaz \u00d6zbay&#8221; font_container=&#8221;tag:h3|text_align:center|color:%23113f01&#8243; use_theme_fonts=&#8221;yes&#8221; subtitle=&#8221;Kurucu Avukat&#8221; link=&#8221;url:https%3A%2F%2Femelyilmaz.av.tr%2Ftr%2Fa%2Femel-yilmaz-ozbay%2F|title:Emel%20Y%C4%B1lmaz%20%C3%96zbay|target:_blank&#8221;][\/vc_column][vc_column width=&#8221;1\/2&#8243;][vc_single_image image=&#8221;7149&#8243; img_size=&#8221;medium&#8221; alignment=&#8221;center&#8221; style=&#8221;vc_box_rounded&#8221; onclick=&#8221;custom_link&#8221; link=&#8221;https:\/\/emelyilmaz.av.tr\/tr\/a\/fatih-uysal\/&#8221;][vc_custom_heading text=&#8221;Fatih Uysal&#8221; font_container=&#8221;tag:h3|text_align:center|color:%23113f01&#8243; use_theme_fonts=&#8221;yes&#8221; subtitle=&#8221;Finans Dan\u0131\u015fman\u0131&#8221; link=&#8221;url:https%3A%2F%2Femelyilmaz.av.tr%2Ftr%2Fa%2Ffatih-uysal%2F|title:Fatih%20Uysal|target:_blank&#8221;][\/vc_column][\/vc_row][vc_row][vc_column width=&#8221;1\/2&#8243;][vc_single_image image=&#8221;7391&#8243; img_size=&#8221;261&#215;300&#8243; alignment=&#8221;center&#8221; style=&#8221;vc_box_rounded&#8221; onclick=&#8221;custom_link&#8221; link=&#8221;https:\/\/emelyilmaz.av.tr\/tr\/a\/ilayda-anac\/&#8221;][vc_custom_heading text=&#8221;\u0130layda Ana\u00e7&#8221; font_container=&#8221;tag:h3|text_align:center|color:%23113f01&#8243; use_theme_fonts=&#8221;yes&#8221; subtitle=&#8221;Avukat&#8221; link=&#8221;url:https%3A%2F%2Femelyilmaz.av.tr%2Ftr%2Fa%2Filayda-anac%2F|title:Fatih%20Uysal|target:_blank&#8221;][\/vc_column][vc_column width=&#8221;1\/2&#8243;][vc_single_image image=&#8221;7153&#8243; img_size=&#8221;medium&#8221; alignment=&#8221;center&#8221; style=&#8221;vc_box_rounded&#8221; onclick=&#8221;custom_link&#8221; link=&#8221;https:\/\/emelyilmaz.av.tr\/tr\/a\/can-cavus\/&#8221;][vc_custom_heading text=&#8221;Can \u00c7avu\u015f&#8221; font_container=&#8221;tag:h3|text_align:center|color:%23113f01&#8243; use_theme_fonts=&#8221;yes&#8221; subtitle=&#8221;K\u0131demli Avukat&#8221; link=&#8221;url:https%3A%2F%2Femelyilmaz.av.tr%2Ftr%2Fa%2Fcan-cavus%2F|title:Fatih%20Uysal|target:_blank&#8221;][\/vc_column][\/vc_row][vc_row][vc_column][vc_single_image image=&#8221;7433&#8243; img_size=&#8221;medium&#8221; alignment=&#8221;center&#8221; style=&#8221;vc_box_rounded&#8221; onclick=&#8221;custom_link&#8221; link=&#8221;https:\/\/emelyilmaz.av.tr\/tr\/a\/gamze-kaya\/&#8221;][vc_custom_heading text=&#8221;D\u00f6nd\u00fc \u0130ncesu&#8221; font_container=&#8221;tag:h3|text_align:center|color:%23113f01&#8243; use_theme_fonts=&#8221;yes&#8221; subtitle=&#8221;Asistan&#8221; link=&#8221;url:https%3A%2F%2Femelyilmaz.av.tr%2Ftr%2Fa%2Fgamze-kaya%2F|title:Fatih%20Uysal|target:_blank&#8221;][\/vc_column][\/vc_row]<\/p>\n","protected":false},"excerpt":{"rendered":"<p>[vc_row][vc_column][vc_custom_heading source=&#8221;post_title&#8221; use_theme_fonts=&#8221;yes&#8221;][\/vc_column][\/vc_row][vc_row][vc_column width=&#8221;1\/2&#8243;][vc_single_image image=&#8221;7140&#8243; img_size=&#8221;medium&#8221; alignment=&#8221;center&#8221; style=&#8221;vc_box_rounded&#8221; onclick=&#8221;custom_link&#8221; link=&#8221;https:\/\/emelyilmaz.av.tr\/tr\/a\/emel-yilmaz-ozbay\/&#8221;][vc_custom_heading text=&#8221;Emel Y\u0131lmaz \u00d6zbay&#8221; font_container=&#8221;tag:h3|text_align:center|color:%23113f01&#8243; use_theme_fonts=&#8221;yes&#8221; subtitle=&#8221;Kurucu Avukat&#8221; link=&#8221;url:https%3A%2F%2Femelyilmaz.av.tr%2Ftr%2Fa%2Femel-yilmaz-ozbay%2F|title:Emel%20Y%C4%B1lmaz%20%C3%96zbay|target:_blank&#8221;][\/vc_column][vc_column width=&#8221;1\/2&#8243;][vc_single_image image=&#8221;7149&#8243; img_size=&#8221;medium&#8221; alignment=&#8221;center&#8221; style=&#8221;vc_box_rounded&#8221; onclick=&#8221;custom_link&#8221; link=&#8221;https:\/\/emelyilmaz.av.tr\/tr\/a\/fatih-uysal\/&#8221;][vc_custom_heading text=&#8221;Fatih Uysal&#8221; font_container=&#8221;tag:h3|text_align:center|color:%23113f01&#8243; use_theme_fonts=&#8221;yes&#8221; subtitle=&#8221;Finans Dan\u0131\u015fman\u0131&#8221; link=&#8221;url:https%3A%2F%2Femelyilmaz.av.tr%2Ftr%2Fa%2Ffatih-uysal%2F|title:Fatih%20Uysal|target:_blank&#8221;][\/vc_column][\/vc_row][vc_row][vc_column width=&#8221;1\/2&#8243;][vc_single_image image=&#8221;7391&#8243; img_size=&#8221;261&#215;300&#8243; alignment=&#8221;center&#8221; style=&#8221;vc_box_rounded&#8221; onclick=&#8221;custom_link&#8221; link=&#8221;https:\/\/emelyilmaz.av.tr\/tr\/a\/ilayda-anac\/&#8221;][vc_custom_heading text=&#8221;\u0130layda Ana\u00e7&#8221; font_container=&#8221;tag:h3|text_align:center|color:%23113f01&#8243; use_theme_fonts=&#8221;yes&#8221; subtitle=&#8221;Avukat&#8221; link=&#8221;url:https%3A%2F%2Femelyilmaz.av.tr%2Ftr%2Fa%2Filayda-anac%2F|title:Fatih%20Uysal|target:_blank&#8221;][\/vc_column][vc_column width=&#8221;1\/2&#8243;][vc_single_image image=&#8221;7153&#8243; img_size=&#8221;medium&#8221; alignment=&#8221;center&#8221; style=&#8221;vc_box_rounded&#8221; onclick=&#8221;custom_link&#8221; link=&#8221;https:\/\/emelyilmaz.av.tr\/tr\/a\/can-cavus\/&#8221;][vc_custom_heading text=&#8221;Can \u00c7avu\u015f&#8221; font_container=&#8221;tag:h3|text_align:center|color:%23113f01&#8243;<\/p>\n","protected":false},"author":1,"featured_media":0,"parent":0,"menu_order":0,"comment_status":"closed","ping_status":"closed","template":"","meta":[],"_links":{"self":[{"href":"https:\/\/emelyilmaz.av.tr\/tr\/wp-json\/wp\/v2\/pages\/7068"}],"collection":[{"href":"https:\/\/emelyilmaz.av.tr\/tr\/wp-json\/wp\/v2\/pages"}],"about":[{"href":"https:\/\/emelyilmaz.av.tr\/tr\/wp-json\/wp\/v2\/types\/page"}],"author":[{"embeddable":true,"href":"https:\/\/emelyilmaz.av.tr\/tr\/wp-json\/wp\/v2\/users\/1"}],"replies":[{"embeddable":true,"href":"https:\/\/emelyilmaz.av.tr\/tr\/wp-json\/wp\/v2\/comments?post=7068"}],"version-history":[{"count":11,"href":"https:\/\/emelyilmaz.av.tr\/tr\/wp-json\/wp\/v2\/pages\/7068\/revisions"}],"predecessor-version":[{"id":7435,"href":"https:\/\/emelyilmaz.av.tr\/tr\/wp-json\/wp\/v2\/pages\/7068\/revisions\/7435"}],"wp:attachment":[{"href":"https:\/\/emelyilmaz.av.tr\/tr\/wp-json\/wp\/v2\/media?parent=7068"}],"curies":[{"name":"wp","href":"https:\/\/api.w.org\/{rel}","templated":true}]}}