{"id":6937,"date":"2015-12-15T07:37:48","date_gmt":"2015-12-15T07:37:48","guid":{"rendered":"http:\/\/consulting.stylemixthemes.com\/demo\/?page_id=11"},"modified":"2023-02-05T19:35:57","modified_gmt":"2023-02-05T19:35:57","slug":"iletisim","status":"publish","type":"page","link":"https:\/\/emelyilmaz.av.tr\/tr\/iletisim\/","title":{"rendered":"\u0130leti\u015fim"},"content":{"rendered":"<p>[vc_row][vc_column][vc_column_text]<\/p>\n<p style=\"text-align: left;\">Herhangi bir sorunuz mu var? Daha fazlas\u0131 i\u00e7in hemen ileti\u015fime ge\u00e7in!<\/p>\n<p>[\/vc_column_text][\/vc_column][\/vc_row][vc_row][vc_column width=&#8221;1\/3&#8243;][stm_icon_box box_style=&#8221;style_3&#8243; icon=&#8221;stm-online-phone-call&#8221; icon_size=&#8221;16&#8243; icon_border_color=&#8221;third&#8221; icon_line_height=&#8221;48&#8243;]<span style=\"color: #595959;\">Aray\u0131n<\/span><br \/>\n+90 (212) 351 59 60[\/stm_icon_box][\/vc_column][vc_column width=&#8221;1\/3&#8243;][stm_icon_box box_style=&#8221;style_3&#8243; icon=&#8221;stm-email&#8221; icon_size=&#8221;16&#8243; icon_border_color=&#8221;third&#8221; icon_line_height=&#8221;48&#8243;]<span style=\"color: #595959;\">E-mail:<\/span><br \/>\n<span style=\"color: #1a1a1a;\">info@emelyilmaz.av.tr<\/span>[\/stm_icon_box][\/vc_column][vc_column width=&#8221;1\/3&#8243;][stm_icon_box box_style=&#8221;style_3&#8243; icon=&#8221;fas fa-map-marker-alt&#8221; icon_size=&#8221;16&#8243; icon_border_color=&#8221;third&#8221; icon_line_height=&#8221;48&#8243;]<\/p>\n<div class=\"contact-value\">Akat Mah. Zeytino\u011flu Cad.<\/div>\n<div class=\"contact-value\">No:4 Arzu 2 Apt. K:5 D:26 34335<\/div>\n<div class=\"contact-value\">BE\u015eIKTA\u015e \/ \u0130STANBUL \/ TURKEY<\/div>\n<p>[\/stm_icon_box][\/vc_column][\/vc_row][vc_row][vc_column][vc_column_text]<\/p>\n<h2>Harita<\/h2>\n<p>[\/vc_column_text][vc_gmaps link=&#8221;#E-8_JTNDaWZyYW1lJTIwc3JjJTNEJTIyaHR0cHMlM0ElMkYlMkZ3d3cuZ29vZ2xlLmNvbSUyRm1hcHMlMkZlbWJlZCUzRnBiJTNEJTIxMW0xOCUyMTFtMTIlMjExbTMlMjExZDMwMDcuNTgyMzMzOTA5NTc4NyUyMTJkMjkuMDI1MzkwODE1NDE2MTYlMjEzZDQxLjA3ODEyMTQ3OTI5MzcwNiUyMTJtMyUyMTFmMCUyMTJmMCUyMTNmMCUyMTNtMiUyMTFpMTAyNCUyMTJpNzY4JTIxNGYxMy4xJTIxM20zJTIxMW0yJTIxMXMweDAlMjUzQTB4MTE4YmU4MTA5MDU4ODI0ZCUyMTJzRW1lbCUyNTIwWSUyNUM0JTI1QjFsbWF6JTI1MjBMYXclMjUyME9mZmljZSUyMTVlMCUyMTNtMiUyMTFzdHIlMjEyc3RyJTIxNHYxNjA1NDU4NzUwMTUxJTIxNW0yJTIxMXN0ciUyMTJzdHIlMjIlMjB3aWR0aCUzRCUyMjYwMCUyMiUyMGhlaWdodCUzRCUyMjQ1MCUyMiUyMGZyYW1lYm9yZGVyJTNEJTIyMCUyMiUyMHN0eWxlJTNEJTIyYm9yZGVyJTNBMCUzQiUyMiUyMGFsbG93ZnVsbHNjcmVlbiUzRCUyMiUyMiUyMGFyaWEtaGlkZGVuJTNEJTIyZmFsc2UlMjIlMjB0YWJpbmRleCUzRCUyMjAlMjIlM0UlM0MlMkZpZnJhbWUlM0U=&#8221;][\/vc_column][\/vc_row]<\/p>\n","protected":false},"excerpt":{"rendered":"<p>[vc_row][vc_column][vc_column_text] Herhangi bir sorunuz mu var? Daha fazlas\u0131 i\u00e7in hemen ileti\u015fime ge\u00e7in! [\/vc_column_text][\/vc_column][\/vc_row][vc_row][vc_column width=&#8221;1\/3&#8243;][stm_icon_box box_style=&#8221;style_3&#8243; icon=&#8221;stm-online-phone-call&#8221; icon_size=&#8221;16&#8243; icon_border_color=&#8221;third&#8221; icon_line_height=&#8221;48&#8243;]Aray\u0131n +90 (212) 351 59 60[\/stm_icon_box][\/vc_column][vc_column width=&#8221;1\/3&#8243;][stm_icon_box box_style=&#8221;style_3&#8243; icon=&#8221;stm-email&#8221; icon_size=&#8221;16&#8243; icon_border_color=&#8221;third&#8221; icon_line_height=&#8221;48&#8243;]E-mail: info@emelyilmaz.av.tr[\/stm_icon_box][\/vc_column][vc_column width=&#8221;1\/3&#8243;][stm_icon_box box_style=&#8221;style_3&#8243; icon=&#8221;fas fa-map-marker-alt&#8221; icon_size=&#8221;16&#8243; icon_border_color=&#8221;third&#8221; icon_line_height=&#8221;48&#8243;] Akat Mah. Zeytino\u011flu Cad. No:4 Arzu 2 Apt. K:5 D:26 34335 BE\u015eIKTA\u015e \/ \u0130STANBUL \/ TURKEY [\/stm_icon_box][\/vc_column][\/vc_row][vc_row][vc_column][vc_column_text]<\/p>\n","protected":false},"author":1,"featured_media":0,"parent":0,"menu_order":0,"comment_status":"closed","ping_status":"closed","template":"","meta":[],"_links":{"self":[{"href":"https:\/\/emelyilmaz.av.tr\/tr\/wp-json\/wp\/v2\/pages\/6937"}],"collection":[{"href":"https:\/\/emelyilmaz.av.tr\/tr\/wp-json\/wp\/v2\/pages"}],"about":[{"href":"https:\/\/emelyilmaz.av.tr\/tr\/wp-json\/wp\/v2\/types\/page"}],"author":[{"embeddable":true,"href":"https:\/\/emelyilmaz.av.tr\/tr\/wp-json\/wp\/v2\/users\/1"}],"replies":[{"embeddable":true,"href":"https:\/\/emelyilmaz.av.tr\/tr\/wp-json\/wp\/v2\/comments?post=6937"}],"version-history":[{"count":7,"href":"https:\/\/emelyilmaz.av.tr\/tr\/wp-json\/wp\/v2\/pages\/6937\/revisions"}],"predecessor-version":[{"id":7437,"href":"https:\/\/emelyilmaz.av.tr\/tr\/wp-json\/wp\/v2\/pages\/6937\/revisions\/7437"}],"wp:attachment":[{"href":"https:\/\/emelyilmaz.av.tr\/tr\/wp-json\/wp\/v2\/media?parent=6937"}],"curies":[{"name":"wp","href":"https:\/\/api.w.org\/{rel}","templated":true}]}}