{"id":6936,"date":"2015-12-15T07:37:33","date_gmt":"2015-12-15T07:37:33","guid":{"rendered":"http:\/\/consulting.stylemixthemes.com\/demo\/?page_id=9"},"modified":"2021-01-10T17:01:59","modified_gmt":"2021-01-10T17:01:59","slug":"hakkimizda","status":"publish","type":"page","link":"https:\/\/emelyilmaz.av.tr\/tr\/hakkimizda\/","title":{"rendered":"Hakk\u0131m\u0131zda"},"content":{"rendered":"<p>[vc_row css=&#8221;.vc_custom_1607455951718{margin-top: px !important;margin-bottom: px !important;}&#8221;][vc_column offset=&#8221;vc_col-lg-9 vc_col-md-9&#8243;][vc_column_text css=&#8221;.vc_custom_1607455246088{margin-top: 40px !important;}&#8221;]<\/p>\n<h3>Hakk\u0131m\u0131zda<\/h3>\n<p>Av.Emel Y\u0131lmaz \u00d6zbay, sekt\u00f6r\u00fcn \u00f6nde gelen Bankalar\u0131ndan birinde Hukuk \u0130\u015flerinden Sorumlu Genel M\u00fcd\u00fcr Yard\u0131mc\u0131s\u0131 olarak \u00e7al\u0131\u015f\u0131r iken 2018 y\u0131l\u0131nda EY Hukuk B\u00fcrosunu kurmu\u015ftur.<\/p>\n<p>EY Hukuk B\u00fcrosu; m\u00fcvekkillerine nitelikli hukuki dan\u0131\u015fmanl\u0131k ve dava takibi hizmeti sunan bir hukuk b\u00fcrosu olup, kurucusu olan Av.Emel Y\u0131lmaz \u00d6zbay, 20 y\u0131la yak\u0131n finans sekt\u00f6r\u00fcn\u00fcn \u00f6nde gelen bankalar\u0131nda \u00e7al\u0131\u015farak Banka ve Finans Hukuku, S\u00f6zle\u015fmeler Hukuku, \u0130\u015f Hukuku, Bor\u00e7 Yap\u0131land\u0131rma, Kredi ve Yat\u0131r\u0131m Dan\u0131\u015fmanl\u0131\u011f\u0131, Proje Finansman\u0131, Birle\u015fme &amp; Devralma, \u015eirketler Hukuku, Ticaret Hukuku, Rekabet Hukuku, \u0130cra ve \u0130flas Hukuku alanlar\u0131nda uzmanl\u0131klar\u0131n\u0131 olu\u015fturmu\u015ftur.<\/p>\n<p>EY Hukuk B\u00fcrosu, aralar\u0131nda sekt\u00f6r liderleri de bulunan bir\u00e7ok yerli ve yabanc\u0131 ger\u00e7ek ve t\u00fczel ki\u015fiye hukuki hizmet vermektedir. Alan\u0131nda uzman ve tecr\u00fcbeli avukatlarla tak\u0131m olarak m\u00fcvekkillerine \u00e7\u00f6z\u00fcm odakl\u0131 ve yenilik\u00e7i bir bak\u0131\u015f a\u00e7\u0131s\u0131yla hizmet vermeyi prensip edinmi\u015f bir hukuk b\u00fcrosu olup bu \u00e7er\u00e7evede sayg\u0131l\u0131, disiplinli ve g\u00fcvene dayal\u0131 \u00e7al\u0131\u015fma \u015fekliyle m\u00fcvekkillerine uzun soluklu hizmet vermeyi hedeflemektedir.<\/p>\n<p>Ba\u015fl\u0131ca faaliyet alanlar\u0131; Bankac\u0131l\u0131k ve Finans Hukuku, \u015eirketler ve S\u00f6zle\u015fmeler Hukuku ve Ticaret Hukukuna \u0130li\u015fkin \u0130\u015fler, \u0130\u015f Hukuku, Proje Finansman\u0131 ve Sendikasyon ile Birle\u015fme &amp; Devralma, Yurt D\u0131\u015f\u0131 Fonlama ve Hazine \u0130\u015flemleri, Bor\u00e7 Yap\u0131land\u0131rma, Kredi ve Yat\u0131r\u0131m Dan\u0131\u015fmanl\u0131\u011f\u0131, Yabanc\u0131lar Hukuku ve Yat\u0131r\u0131m Dan\u0131\u015fmanl\u0131\u011f\u0131, Fikri M\u00fclkiyet Hukuku, Gayrimenkul Hukuku, Rekabet Hukuku, Ki\u015fisel Veriler Hukukuna ili\u015fkin dava ve dan\u0131\u015fmanl\u0131k hizmetleri olmakla birlikte ayr\u0131ca T\u00fcrkiye\u2019de veya yurt d\u0131\u015f\u0131nda yat\u0131r\u0131m yapan yerli ve yabanc\u0131 m\u00fcvekkillerine de pek \u00e7ok alanda dan\u0131\u015fmanl\u0131k hizmeti sunmaktad\u0131r.[\/vc_column_text][vc_column_text css=&#8221;.vc_custom_1607455261153{margin-bottom: 34px !important;}&#8221;]<\/p>\n<blockquote>\n<p>Hukuk b\u00fcromuz T\u00fcrk\u00e7e ve \u0130ngilizce olarak hizmet vermektedir.<\/p>\n<\/blockquote>\n<p>[\/vc_column_text][\/vc_column][vc_column width=&#8221;1\/4&#8243; offset=&#8221;vc_hidden-sm vc_hidden-xs&#8221;][vc_single_image image=&#8221;7344&#8243; img_size=&#8221;large&#8221; alignment=&#8221;center&#8221; style=&#8221;vc_box_rounded&#8221; css=&#8221;.vc_custom_1610298116689{padding-top: 75px !important;}&#8221;][\/vc_column][\/vc_row][vc_row full_width=&#8221;stretch_row&#8221; el_class=&#8221;third_bg_color&#8221; css=&#8221;.vc_custom_1451889219674{margin-bottom: -60px !important;}&#8221;][vc_column][vc_cta h2=&#8221;Size Yard\u0131mc\u0131 Olabilece\u011fimizi D\u00fc\u015f\u00fcn\u00fcyorsan\u0131z Hemen \u0130leti\u015fime Ge\u00e7in!&#8221; h2_font_container=&#8221;font_size:20px|color:%23000000|line_height:24px&#8221; h2_use_theme_fonts=&#8221;yes&#8221; shape=&#8221;square&#8221; style=&#8221;flat&#8221; add_button=&#8221;right&#8221; btn_title=&#8221;\u0130leti\u015fim&#8221; btn_style=&#8221;flat&#8221; btn_color=&#8221;theme_style_2&#8243; btn_align=&#8221;right&#8221; btn_i_align=&#8221;right&#8221; btn_i_icon_fontawesome=&#8221;stm-location&#8221; use_custom_fonts_h2=&#8221;true&#8221; btn_button_block=&#8221;true&#8221; btn_add_icon=&#8221;true&#8221; el_class=&#8221;third_bg_color&#8221; css=&#8221;.vc_custom_1607684334654{margin-bottom: 0px !important;}&#8221; btn_link=&#8221;url:https%3A%2F%2Femelyilmaz.av.tr%2Ftr%2Filetisim%2F|title:%C4%B0leti%C5%9Fim|target:_blank&#8221;][\/vc_cta][\/vc_column][\/vc_row]<\/p>\n","protected":false},"excerpt":{"rendered":"<p>[vc_row css=&#8221;.vc_custom_1607455951718{margin-top: px !important;margin-bottom: px !important;}&#8221;][vc_column offset=&#8221;vc_col-lg-9 vc_col-md-9&#8243;][vc_column_text css=&#8221;.vc_custom_1607455246088{margin-top: 40px !important;}&#8221;] Hakk\u0131m\u0131zda Av.Emel Y\u0131lmaz \u00d6zbay, sekt\u00f6r\u00fcn \u00f6nde gelen Bankalar\u0131ndan birinde Hukuk \u0130\u015flerinden Sorumlu Genel M\u00fcd\u00fcr Yard\u0131mc\u0131s\u0131 olarak \u00e7al\u0131\u015f\u0131r iken 2018 y\u0131l\u0131nda EY Hukuk B\u00fcrosunu kurmu\u015ftur. EY Hukuk B\u00fcrosu; m\u00fcvekkillerine nitelikli hukuki dan\u0131\u015fmanl\u0131k ve dava takibi hizmeti sunan bir hukuk b\u00fcrosu olup, kurucusu olan Av.Emel Y\u0131lmaz<\/p>\n","protected":false},"author":1,"featured_media":0,"parent":0,"menu_order":0,"comment_status":"closed","ping_status":"closed","template":"","meta":[],"_links":{"self":[{"href":"https:\/\/emelyilmaz.av.tr\/tr\/wp-json\/wp\/v2\/pages\/6936"}],"collection":[{"href":"https:\/\/emelyilmaz.av.tr\/tr\/wp-json\/wp\/v2\/pages"}],"about":[{"href":"https:\/\/emelyilmaz.av.tr\/tr\/wp-json\/wp\/v2\/types\/page"}],"author":[{"embeddable":true,"href":"https:\/\/emelyilmaz.av.tr\/tr\/wp-json\/wp\/v2\/users\/1"}],"replies":[{"embeddable":true,"href":"https:\/\/emelyilmaz.av.tr\/tr\/wp-json\/wp\/v2\/comments?post=6936"}],"version-history":[{"count":11,"href":"https:\/\/emelyilmaz.av.tr\/tr\/wp-json\/wp\/v2\/pages\/6936\/revisions"}],"predecessor-version":[{"id":7348,"href":"https:\/\/emelyilmaz.av.tr\/tr\/wp-json\/wp\/v2\/pages\/6936\/revisions\/7348"}],"wp:attachment":[{"href":"https:\/\/emelyilmaz.av.tr\/tr\/wp-json\/wp\/v2\/media?parent=6936"}],"curies":[{"name":"wp","href":"https:\/\/api.w.org\/{rel}","templated":true}]}}